{"id":208,"date":"2016-08-17T12:50:39","date_gmt":"2016-08-17T10:50:39","guid":{"rendered":"https:\/\/youdig.fr\/boutique\/?page_id=208"},"modified":"2017-03-01T15:40:44","modified_gmt":"2017-03-01T14:40:44","slug":"qui-sommes-nous","status":"publish","type":"page","link":"https:\/\/youdig.fr\/boutique\/qui-sommes-nous\/","title":{"rendered":"Qui sommes nous?"},"content":{"rendered":"<p><b>Attenante au mus\u00e9e, la boutique du Youdig propose une gamme de vaisselle dela marque Greengate.<\/p>\n<p>L&rsquo;auberge vous pr\u00e9parera le meilleur Kig HA FRAZ de la r\u00e9gion.<br \/>\nR\u00e9f\u00e9rencement :<br \/>\n\u2013 Gault et Millaut<br \/>\n\u2013 Guide du Routard<br \/>\n\u2013 Guide Gallimard<\/p>\n<p>\u2013 Menu Touristique cuisine du Terroir<br \/>\n\u2013 Kig ha Farz et sp\u00e9cialit\u00e9s bretonnes<br \/>\n\u2013 Cr\u00eaperie et cr\u00eapes korrigans<\/p>\n<p>H\u00e9bergements labellis\u00e9s G\u00eetes de France et G\u00eetes de p\u00eache<\/p>\n<p>\u2013 4 chambres d\u2019h\u00f4tes<br \/>\n\u2013 1 g\u00eete d\u2019\u00e9tape 15 places<br \/>\n\u2013 6 g\u00eetes ruraux (3 g\u00eetes de 4 personnes ; 3 g\u00eetes de 2 personnes)<br \/>\n\u2013 1 g\u00eete de p\u00eache au bord du lac (4 \u00e0 6 personnes<\/p>\n<p>Animations \u2013 Accueil<\/p>\n<p>\u2013 Visite de l\u2019expo tous les apr\u00e8s-midi, et le matin sur r\u00e9servation<br \/>\n\u2013 Visite en Journ\u00e9e d\u00e9couverte (voir programme)<br \/>\n\u2013 Week-end \u00e0 th\u00e8mes (voir programme)<br \/>\n\u2013 Soir\u00e9es contes et L\u00e9gendes\u00b7<br \/>\nSur r\u00e9servation, se renseigner sur les dates<br \/>\nLes soir\u00e9es contes se d\u00e9roulent sous forme de sc\u00e8nes ouvertes et<br \/>\ns\u2019adressent \u00e0 tous les passionn\u00e9s de tradition orale,dans un esprit passeurs de m\u00e9moire.<\/p>\n<p>\u2013 Randonn\u00e9 d\u2019interpr\u00e9tation le dimanche matin<br \/>\n\u2013 Accueil Camping-car homologu\u00e9 Comit\u00e9 R\u00e9gional et D\u00e9partemental du Tourisme<br \/>\n\u2013 Accueil Cavaliers soir\u00e9e \u00e9tape<br \/>\n\u2013 H\u00e9bergement paddock<\/p>\n<p>Tourisme P\u00eache avec le partenariat du Comit\u00e9 D\u00e9partemental du Tourisme et de la F\u00e9d\u00e9ration P\u00eache.<\/p>\n<p>\u2013 P\u00eache dans le lac de Brennilis<br \/>\n\u2013 H\u00e9bergements labellis\u00e9s g\u00eetes de p\u00eache<br \/>\n\u2013 Vente de Permis et Permis sp\u00e9cial Journ\u00e9e Vacances<br \/>\n\u2013 Location de Barques, vifs, mat\u00e9riels de p\u00eaches<br \/>\n\u2013 Conseils, guide de p\u00eache<\/p>\n<p>S\u00e9minaires et Stages<br \/>\n\u2013 Radiesth\u00e9sie<br \/>\n\u2013 Respiration<br \/>\n\u2013 Cristaux<br \/>\n\u2013 Architecture sacr\u00e9e<br \/>\n\u2013 Elixir Floraux<br \/>\n\u2013 Art Roman<br \/>\n\u2013 Architecture sacr\u00e9e<\/p>\n","protected":false},"excerpt":{"rendered":"<p>Attenante au mus\u00e9e, la boutique du Youdig propose une gamme de vaisselle dela marque Greengate. L&rsquo;auberge vous pr\u00e9parera le meilleur Kig HA FRAZ de la r\u00e9gion. R\u00e9f\u00e9rencement : \u2013 Gault et Millaut \u2013 Guide du Routard \u2013 Guide Gallimard \u2013 Menu Touristique cuisine du Terroir \u2013 Kig ha Farz et sp\u00e9cialit\u00e9s bretonnes \u2013 Cr\u00eaperie et [&hellip;]<\/p>\n","protected":false},"author":1,"featured_media":0,"parent":0,"menu_order":0,"comment_status":"closed","ping_status":"closed","template":"","meta":[],"_links":{"self":[{"href":"https:\/\/youdig.fr\/boutique\/wp-json\/wp\/v2\/pages\/208"}],"collection":[{"href":"https:\/\/youdig.fr\/boutique\/wp-json\/wp\/v2\/pages"}],"about":[{"href":"https:\/\/youdig.fr\/boutique\/wp-json\/wp\/v2\/types\/page"}],"author":[{"embeddable":true,"href":"https:\/\/youdig.fr\/boutique\/wp-json\/wp\/v2\/users\/1"}],"replies":[{"embeddable":true,"href":"https:\/\/youdig.fr\/boutique\/wp-json\/wp\/v2\/comments?post=208"}],"version-history":[{"count":16,"href":"https:\/\/youdig.fr\/boutique\/wp-json\/wp\/v2\/pages\/208\/revisions"}],"predecessor-version":[{"id":644,"href":"https:\/\/youdig.fr\/boutique\/wp-json\/wp\/v2\/pages\/208\/revisions\/644"}],"wp:attachment":[{"href":"https:\/\/youdig.fr\/boutique\/wp-json\/wp\/v2\/media?parent=208"}],"curies":[{"name":"wp","href":"https:\/\/api.w.org\/{rel}","templated":true}]}}