{"id":777,"date":"2017-11-15T10:38:12","date_gmt":"2017-11-15T09:38:12","guid":{"rendered":"https:\/\/youdig.fr\/boutique\/?page_id=777"},"modified":"2021-06-22T14:59:19","modified_gmt":"2021-06-22T12:59:19","slug":"bols-a-cereales","status":"publish","type":"page","link":"https:\/\/youdig.fr\/boutique\/categories-greengate\/bols-a-cereales\/","title":{"rendered":"Bols \u00e0 c\u00e9r\u00e9ales de Greengate"},"content":{"rendered":"<p>Id\u00e9al pour le petit-d\u00e9jeuner, les c\u00e9r\u00e9ales, une entr\u00e9e ou un dessert.<br \/>\n<div class=\"woocommerce columns-4\">\n\t\t\t\n\t\t\t<ul class=\"products\">\n\n\t\t\t\t\n\t\t\t\t\t<li class=\"post-1504 product type-product status-publish has-post-thumbnail product_cat-belle product_cat-cereales first instock featured taxable shipping-taxable purchasable product-type-simple\">\n\t<a href=\"https:\/\/youdig.fr\/boutique\/produit\/greengate-belle-white-snack-bowl\/\" class=\"woocommerce-LoopProduct-link\"><img width=\"150\" height=\"150\" src=\"https:\/\/youdig.fr\/boutique\/wp-content\/uploads\/2021\/06\/Snack-bowl-Belle-white-1-150x150.png\" class=\"attachment-shop_catalog size-shop_catalog wp-post-image\" alt=\"Greengate Snack bowl Belle white\" loading=\"lazy\" title=\"Greengate Snack bowl Belle white\" srcset=\"https:\/\/youdig.fr\/boutique\/wp-content\/uploads\/2021\/06\/Snack-bowl-Belle-white-1-150x150.png 150w, https:\/\/youdig.fr\/boutique\/wp-content\/uploads\/2021\/06\/Snack-bowl-Belle-white-1-20x20.png 20w, https:\/\/youdig.fr\/boutique\/wp-content\/uploads\/2021\/06\/Snack-bowl-Belle-white-1-180x180.png 180w, https:\/\/youdig.fr\/boutique\/wp-content\/uploads\/2021\/06\/Snack-bowl-Belle-white-1.png 250w\" sizes=\"(max-width: 150px) 100vw, 150px\" \/><h3>Greengate BELLE WHITE SNACK BOWL<\/h3>\n\t<span class=\"price\"><span class=\"woocommerce-Price-amount amount\">12,00<span class=\"woocommerce-Price-currencySymbol\">&euro;<\/span><\/span><\/span>\n<\/a><a href=\"https:\/\/youdig.fr\/boutique\/produit\/greengate-belle-white-snack-bowl\/\" class=\"button wpt-custom-view-product-button\">d\u00e9tail et commande<\/a><\/li>\n\n\t\t\t\t\n\t\t\t\t\t<li class=\"post-1737 product type-product status-publish has-post-thumbnail product_cat-addison product_cat-bols product_cat-cereales product_cat-collection-2023  instock featured taxable shipping-taxable purchasable product-type-simple\">\n\t<a href=\"https:\/\/youdig.fr\/boutique\/produit\/snack-bowl-addison-white\/\" class=\"woocommerce-LoopProduct-link\"><img width=\"250\" height=\"250\" src=\"https:\/\/youdig.fr\/boutique\/wp-content\/uploads\/ADDISON-WHITE-SNCK-BOWL.png\" class=\"attachment-shop_catalog size-shop_catalog wp-post-image\" alt=\"Greengate Addison white snack bowl\" loading=\"lazy\" title=\"Greengate Addison white snack bowl\" \/><h3>Snack bowl Addison white<\/h3>\n\t<span class=\"price\"><span class=\"woocommerce-Price-amount amount\">14,00<span class=\"woocommerce-Price-currencySymbol\">&euro;<\/span><\/span><\/span>\n<\/a><a href=\"https:\/\/youdig.fr\/boutique\/produit\/snack-bowl-addison-white\/\" class=\"button wpt-custom-view-product-button\">d\u00e9tail et commande<\/a><\/li>\n\n\t\t\t\t\n\t\t\t\t\t<li class=\"post-1736 product type-product status-publish has-post-thumbnail product_cat-ailis product_cat-bols product_cat-cereales product_cat-collection-2023  instock featured taxable shipping-taxable purchasable product-type-simple\">\n\t<a href=\"https:\/\/youdig.fr\/boutique\/produit\/snack-bowl-ailis-white\/\" class=\"woocommerce-LoopProduct-link\"><img width=\"250\" height=\"250\" src=\"https:\/\/youdig.fr\/boutique\/wp-content\/uploads\/AILIS-WHITE-SNACK-BOWL.png\" class=\"attachment-shop_catalog size-shop_catalog wp-post-image\" alt=\"Greengate Ailis white Snack bowl\" loading=\"lazy\" title=\"Greengate Ailis white Snack bowl\" \/><h3>Snack bowl Ailis white<\/h3>\n\t<span class=\"price\"><span class=\"woocommerce-Price-amount amount\">14,00<span class=\"woocommerce-Price-currencySymbol\">&euro;<\/span><\/span><\/span>\n<\/a><a href=\"https:\/\/youdig.fr\/boutique\/produit\/snack-bowl-ailis-white\/\" class=\"button wpt-custom-view-product-button\">d\u00e9tail et commande<\/a><\/li>\n\n\t\t\t\t\n\t\t\t\t\t<li class=\"post-1738 product type-product status-publish has-post-thumbnail product_cat-aslaug product_cat-bols product_cat-cereales product_cat-collection-2023 last instock featured taxable shipping-taxable purchasable product-type-simple\">\n\t<a href=\"https:\/\/youdig.fr\/boutique\/produit\/snack-bowl-aslaug-white\/\" class=\"woocommerce-LoopProduct-link\"><img width=\"250\" height=\"250\" src=\"https:\/\/youdig.fr\/boutique\/wp-content\/uploads\/ASLAUG-WHITE-SNACK-BOWL.png\" class=\"attachment-shop_catalog size-shop_catalog wp-post-image\" alt=\"Greengate Aslaug White Snack Bowl\" loading=\"lazy\" title=\"Greengate Aslaug White Snack Bowl\" \/><h3>Snack bowl Aslaug white<\/h3>\n\t<span class=\"price\"><span class=\"woocommerce-Price-amount amount\">14,00<span class=\"woocommerce-Price-currencySymbol\">&euro;<\/span><\/span><\/span>\n<\/a><a href=\"https:\/\/youdig.fr\/boutique\/produit\/snack-bowl-aslaug-white\/\" class=\"button wpt-custom-view-product-button\">d\u00e9tail et commande<\/a><\/li>\n\n\t\t\t\t\n\t\t\t\t\t<li class=\"post-1739 product type-product status-publish has-post-thumbnail product_cat-augusta product_cat-bols product_cat-cereales product_cat-collection-2023 first instock featured taxable shipping-taxable purchasable product-type-simple\">\n\t<a href=\"https:\/\/youdig.fr\/boutique\/produit\/snack-bowl-augusta-white\/\" class=\"woocommerce-LoopProduct-link\"><img width=\"250\" height=\"250\" src=\"https:\/\/youdig.fr\/boutique\/wp-content\/uploads\/AUGUSTA-WHITE-SNACK-BOWL.png\" class=\"attachment-shop_catalog size-shop_catalog wp-post-image\" alt=\"Greengate Augusta white snack bowl\" loading=\"lazy\" title=\"Greengate Augusta white snack bowl\" \/><h3>Snack bowl Augusta white<\/h3>\n\t<span class=\"price\"><span class=\"woocommerce-Price-amount amount\">14,00<span class=\"woocommerce-Price-currencySymbol\">&euro;<\/span><\/span><\/span>\n<\/a><a href=\"https:\/\/youdig.fr\/boutique\/produit\/snack-bowl-augusta-white\/\" class=\"button wpt-custom-view-product-button\">d\u00e9tail et commande<\/a><\/li>\n\n\t\t\t\t\n\t\t\t\t\t<li class=\"post-1740 product type-product status-publish has-post-thumbnail product_cat-bols product_cat-cereales product_cat-carola product_cat-collection-2023  instock featured taxable shipping-taxable purchasable product-type-simple\">\n\t<a href=\"https:\/\/youdig.fr\/boutique\/produit\/snack-bowl-carola-white\/\" class=\"woocommerce-LoopProduct-link\"><img width=\"250\" height=\"250\" src=\"https:\/\/youdig.fr\/boutique\/wp-content\/uploads\/CAROLA-WHITE-SNACK-BOWL.png\" class=\"attachment-shop_catalog size-shop_catalog wp-post-image\" alt=\"Greengate Carola snack bowl\" loading=\"lazy\" title=\"Greengate Carola snack bowl\" \/><h3>Snack bowl Carola white<\/h3>\n\t<span class=\"price\"><span class=\"woocommerce-Price-amount amount\">14,00<span class=\"woocommerce-Price-currencySymbol\">&euro;<\/span><\/span><\/span>\n<\/a><a href=\"https:\/\/youdig.fr\/boutique\/produit\/snack-bowl-carola-white\/\" class=\"button wpt-custom-view-product-button\">d\u00e9tail et commande<\/a><\/li>\n\n\t\t\t\t\n\t\t\t\t\t<li class=\"post-1741 product type-product status-publish has-post-thumbnail product_cat-bols product_cat-cereales product_cat-cilja product_cat-collection-2023  instock featured taxable shipping-taxable purchasable product-type-simple\">\n\t<a href=\"https:\/\/youdig.fr\/boutique\/produit\/snack-bowl-cilja-white\/\" class=\"woocommerce-LoopProduct-link\"><img width=\"250\" height=\"250\" src=\"https:\/\/youdig.fr\/boutique\/wp-content\/uploads\/CILJA-WHITE-SNACK-BOWL.png\" class=\"attachment-shop_catalog size-shop_catalog wp-post-image\" alt=\"Greengate cilja white snack bowl\" loading=\"lazy\" title=\"Greengate cilja white snack bowl\" \/><h3>Snack bowl Cilja white<\/h3>\n\t<span class=\"price\"><span class=\"woocommerce-Price-amount amount\">14,00<span class=\"woocommerce-Price-currencySymbol\">&euro;<\/span><\/span><\/span>\n<\/a><a href=\"https:\/\/youdig.fr\/boutique\/produit\/snack-bowl-cilja-white\/\" class=\"button wpt-custom-view-product-button\">d\u00e9tail et commande<\/a><\/li>\n\n\t\t\t\t\n\t\t\t\t\t<li class=\"post-1506 product type-product status-publish has-post-thumbnail product_cat-bols product_cat-cereales product_cat-collection-2023 product_cat-donna-blue last instock featured taxable shipping-taxable purchasable product-type-simple\">\n\t<a href=\"https:\/\/youdig.fr\/boutique\/produit\/greengate-donna-blue-snack-bowl\/\" class=\"woocommerce-LoopProduct-link\"><img width=\"150\" height=\"150\" src=\"https:\/\/youdig.fr\/boutique\/wp-content\/uploads\/2021\/06\/Snack-bowl-Donna-blue-150x150.png\" class=\"attachment-shop_catalog size-shop_catalog wp-post-image\" alt=\"Greengate Snack bowl Donna blue\" loading=\"lazy\" title=\"Greengate Snack bowl Donna blue\" srcset=\"https:\/\/youdig.fr\/boutique\/wp-content\/uploads\/2021\/06\/Snack-bowl-Donna-blue-150x150.png 150w, https:\/\/youdig.fr\/boutique\/wp-content\/uploads\/2021\/06\/Snack-bowl-Donna-blue-20x20.png 20w, https:\/\/youdig.fr\/boutique\/wp-content\/uploads\/2021\/06\/Snack-bowl-Donna-blue-180x180.png 180w, https:\/\/youdig.fr\/boutique\/wp-content\/uploads\/2021\/06\/Snack-bowl-Donna-blue-e1667402680956.png 250w\" sizes=\"(max-width: 150px) 100vw, 150px\" \/><h3>Snack bowl Donna blue<\/h3>\n\t<span class=\"price\"><span class=\"woocommerce-Price-amount amount\">14,00<span class=\"woocommerce-Price-currencySymbol\">&euro;<\/span><\/span><\/span>\n<\/a><a href=\"https:\/\/youdig.fr\/boutique\/produit\/greengate-donna-blue-snack-bowl\/\" class=\"button wpt-custom-view-product-button\">d\u00e9tail et commande<\/a><\/li>\n\n\t\t\t\t\n\t\t\t\t\t<li class=\"post-1742 product type-product status-publish has-post-thumbnail product_cat-bols product_cat-cereales product_cat-collection-2023 product_cat-donna-blue first instock featured taxable shipping-taxable purchasable product-type-simple\">\n\t<a href=\"https:\/\/youdig.fr\/boutique\/produit\/snack-bowl-donna-blue\/\" class=\"woocommerce-LoopProduct-link\"><img width=\"150\" height=\"150\" src=\"https:\/\/youdig.fr\/boutique\/wp-content\/uploads\/2021\/06\/Snack-bowl-Donna-blue-150x150.png\" class=\"attachment-shop_catalog size-shop_catalog wp-post-image\" alt=\"Greengate Snack bowl Donna blue\" loading=\"lazy\" title=\"Greengate Snack bowl Donna blue\" srcset=\"https:\/\/youdig.fr\/boutique\/wp-content\/uploads\/2021\/06\/Snack-bowl-Donna-blue-150x150.png 150w, https:\/\/youdig.fr\/boutique\/wp-content\/uploads\/2021\/06\/Snack-bowl-Donna-blue-20x20.png 20w, https:\/\/youdig.fr\/boutique\/wp-content\/uploads\/2021\/06\/Snack-bowl-Donna-blue-180x180.png 180w, https:\/\/youdig.fr\/boutique\/wp-content\/uploads\/2021\/06\/Snack-bowl-Donna-blue-e1667402680956.png 250w\" sizes=\"(max-width: 150px) 100vw, 150px\" \/><h3>Snack bowl Donna blue<\/h3>\n\t<span class=\"price\"><span class=\"woocommerce-Price-amount amount\">14,00<span class=\"woocommerce-Price-currencySymbol\">&euro;<\/span><\/span><\/span>\n<\/a><a href=\"https:\/\/youdig.fr\/boutique\/produit\/snack-bowl-donna-blue\/\" class=\"button wpt-custom-view-product-button\">d\u00e9tail et commande<\/a><\/li>\n\n\t\t\t\t\n\t\t\t\t\t<li class=\"post-1743 product type-product status-publish has-post-thumbnail product_cat-bols product_cat-cereales product_cat-collection-2023 product_cat-elva-gold  instock featured taxable shipping-taxable purchasable product-type-simple\">\n\t<a href=\"https:\/\/youdig.fr\/boutique\/produit\/snack-bowl-elva-gold\/\" class=\"woocommerce-LoopProduct-link\"><img width=\"250\" height=\"250\" src=\"https:\/\/youdig.fr\/boutique\/wp-content\/uploads\/ELVA-GOLD-SNACK-BOWL.png\" class=\"attachment-shop_catalog size-shop_catalog wp-post-image\" alt=\"Greengate Eva God snack bowl\" loading=\"lazy\" title=\"Greengate Eva God snack bowl\" \/><h3>Snack bowl Elva gold<\/h3>\n\t<span class=\"price\"><span class=\"woocommerce-Price-amount amount\">20,00<span class=\"woocommerce-Price-currencySymbol\">&euro;<\/span><\/span><\/span>\n<\/a><a href=\"https:\/\/youdig.fr\/boutique\/produit\/snack-bowl-elva-gold\/\" class=\"button wpt-custom-view-product-button\">d\u00e9tail et commande<\/a><\/li>\n\n\t\t\t\t\n\t\t\t\t\t<li class=\"post-1744 product type-product status-publish has-post-thumbnail product_cat-bols product_cat-cereales product_cat-collection-2023 product_cat-emely-white  instock featured taxable shipping-taxable purchasable product-type-simple\">\n\t<a href=\"https:\/\/youdig.fr\/boutique\/produit\/snack-bowl-emely-white\/\" class=\"woocommerce-LoopProduct-link\"><img width=\"250\" height=\"250\" src=\"https:\/\/youdig.fr\/boutique\/wp-content\/uploads\/EMELY-WHITE-SNACK-BOWL.png\" class=\"attachment-shop_catalog size-shop_catalog wp-post-image\" alt=\"Greengate Emely white snack bowl\" loading=\"lazy\" title=\"Greengate Emely white snack bowl\" \/><h3>Snack bowl Emely white<\/h3>\n\t<span class=\"price\"><span class=\"woocommerce-Price-amount amount\">14,00<span class=\"woocommerce-Price-currencySymbol\">&euro;<\/span><\/span><\/span>\n<\/a><a href=\"https:\/\/youdig.fr\/boutique\/produit\/snack-bowl-emely-white\/\" class=\"button wpt-custom-view-product-button\">d\u00e9tail et commande<\/a><\/li>\n\n\t\t\t\t\n\t\t\t\t\t<li class=\"post-1745 product type-product status-publish has-post-thumbnail product_cat-bols product_cat-cereales product_cat-collection-2023 product_cat-freja-white last instock featured taxable shipping-taxable purchasable product-type-simple\">\n\t<a href=\"https:\/\/youdig.fr\/boutique\/produit\/snack-bowl-freja-white\/\" class=\"woocommerce-LoopProduct-link\"><img width=\"250\" height=\"250\" src=\"https:\/\/youdig.fr\/boutique\/wp-content\/uploads\/FREJA-WHITE-SNACK-BOWL-Copier.jpg\" class=\"attachment-shop_catalog size-shop_catalog wp-post-image\" alt=\"FREJA WHITE SNACK BOWL (Copier)\" loading=\"lazy\" title=\"FREJA WHITE SNACK BOWL (Copier)\" srcset=\"https:\/\/youdig.fr\/boutique\/wp-content\/uploads\/FREJA-WHITE-SNACK-BOWL-Copier.jpg 250w, https:\/\/youdig.fr\/boutique\/wp-content\/uploads\/FREJA-WHITE-SNACK-BOWL-Copier-150x150.jpg 150w\" sizes=\"(max-width: 250px) 100vw, 250px\" \/><h3>Snack bowl Freja white<\/h3>\n\t<span class=\"price\"><span class=\"woocommerce-Price-amount amount\">14,00<span class=\"woocommerce-Price-currencySymbol\">&euro;<\/span><\/span><\/span>\n<\/a><a href=\"https:\/\/youdig.fr\/boutique\/produit\/snack-bowl-freja-white\/\" class=\"button wpt-custom-view-product-button\">d\u00e9tail et commande<\/a><\/li>\n\n\t\t\t\t\n\t\t\t<\/ul>\n\n\t\t\t\n\t\t\t<\/div><\/p>\n","protected":false},"excerpt":{"rendered":"<p>Id\u00e9al pour le petit-d\u00e9jeuner, les c\u00e9r\u00e9ales, une entr\u00e9e ou un dessert.<\/p>\n","protected":false},"author":1,"featured_media":0,"parent":1167,"menu_order":0,"comment_status":"closed","ping_status":"closed","template":"","meta":[],"_links":{"self":[{"href":"https:\/\/youdig.fr\/boutique\/wp-json\/wp\/v2\/pages\/777"}],"collection":[{"href":"https:\/\/youdig.fr\/boutique\/wp-json\/wp\/v2\/pages"}],"about":[{"href":"https:\/\/youdig.fr\/boutique\/wp-json\/wp\/v2\/types\/page"}],"author":[{"embeddable":true,"href":"https:\/\/youdig.fr\/boutique\/wp-json\/wp\/v2\/users\/1"}],"replies":[{"embeddable":true,"href":"https:\/\/youdig.fr\/boutique\/wp-json\/wp\/v2\/comments?post=777"}],"version-history":[{"count":3,"href":"https:\/\/youdig.fr\/boutique\/wp-json\/wp\/v2\/pages\/777\/revisions"}],"predecessor-version":[{"id":1629,"href":"https:\/\/youdig.fr\/boutique\/wp-json\/wp\/v2\/pages\/777\/revisions\/1629"}],"up":[{"embeddable":true,"href":"https:\/\/youdig.fr\/boutique\/wp-json\/wp\/v2\/pages\/1167"}],"wp:attachment":[{"href":"https:\/\/youdig.fr\/boutique\/wp-json\/wp\/v2\/media?parent=777"}],"curies":[{"name":"wp","href":"https:\/\/api.w.org\/{rel}","templated":true}]}}