{"id":80,"date":"2022-11-30T10:35:24","date_gmt":"2022-11-30T09:35:24","guid":{"rendered":"https:\/\/youdig.fr\/contact\/?page_id=80"},"modified":"2023-12-10T21:10:50","modified_gmt":"2023-12-10T20:10:50","slug":"inscription-stage","status":"publish","type":"page","link":"https:\/\/youdig.fr\/contact\/inscription-stage\/","title":{"rendered":"Inscription stage"},"content":{"rendered":"\n<p><a href=\"https:\/\/youdig.fr\/wdp\/animations\/les-stages\/\">retour au site du Youdig<\/a><\/p>\n\n\n\n<div class=\"popup\" onclick=\"myFunction()\"> <font color=\"green\"><strong>\n<span class=\"popuptext\" id=\"myPopup\">Attention! ce bulletin  doit \u00eatre compl\u00e9t\u00e9 et transmis <u>seulement  apr\u00e8s accord t\u00e9l\u00e9phonique<\/u><br>Merci d&rsquo;appeler le Youdig au <font color=\"red\">02.98.99.62.36 <\/font>avant de vous inscrire.<\/span><\/strong><\/font><strong>\n<\/strong><\/div><strong>\n<a href=\"https:\/\/youdig.fr\/contact\/pdf\/inscriptions-2024.pdf\" target=\"blank\" rel=\"noopener\">S&rsquo;inscrire<\/a><\/strong>\n","protected":false},"excerpt":{"rendered":"<p>retour au site du Youdig Attention! ce bulletin doit \u00eatre compl\u00e9t\u00e9 et transmis seulement apr\u00e8s accord t\u00e9l\u00e9phoniqueMerci d&rsquo;appeler le Youdig au 02.98.99.62.36 avant de vous inscrire. S&rsquo;inscrire<\/p>\n","protected":false},"author":1,"featured_media":0,"parent":0,"menu_order":0,"comment_status":"closed","ping_status":"closed","template":"","meta":{"footnotes":""},"class_list":["post-80","page","type-page","status-publish","hentry"],"_links":{"self":[{"href":"https:\/\/youdig.fr\/contact\/wp-json\/wp\/v2\/pages\/80","targetHints":{"allow":["GET"]}}],"collection":[{"href":"https:\/\/youdig.fr\/contact\/wp-json\/wp\/v2\/pages"}],"about":[{"href":"https:\/\/youdig.fr\/contact\/wp-json\/wp\/v2\/types\/page"}],"author":[{"embeddable":true,"href":"https:\/\/youdig.fr\/contact\/wp-json\/wp\/v2\/users\/1"}],"replies":[{"embeddable":true,"href":"https:\/\/youdig.fr\/contact\/wp-json\/wp\/v2\/comments?post=80"}],"version-history":[{"count":55,"href":"https:\/\/youdig.fr\/contact\/wp-json\/wp\/v2\/pages\/80\/revisions"}],"predecessor-version":[{"id":155,"href":"https:\/\/youdig.fr\/contact\/wp-json\/wp\/v2\/pages\/80\/revisions\/155"}],"wp:attachment":[{"href":"https:\/\/youdig.fr\/contact\/wp-json\/wp\/v2\/media?parent=80"}],"curies":[{"name":"wp","href":"https:\/\/api.w.org\/{rel}","templated":true}]}}