{"id":1181,"date":"2016-07-15T08:24:34","date_gmt":"2016-07-15T07:24:34","guid":{"rendered":"https:\/\/youdig.fr\/wdp\/?page_id=1181"},"modified":"2022-10-30T10:01:01","modified_gmt":"2022-10-30T09:01:01","slug":"les-stages","status":"publish","type":"page","link":"https:\/\/youdig.fr\/wdp\/animations\/les-stages\/","title":{"rendered":"Les stages radiesth\u00e9sie"},"content":{"rendered":"\n<div class=\"wp-container-4 wp-block-group\"><div class=\"wp-block-group__inner-container\">\n<div class=\"wp-container-3 wp-block-group\"><div class=\"wp-block-group__inner-container\">\n<div class=\"wp-container-2 wp-block-group\"><div class=\"wp-block-group__inner-container\">\n<div class=\"wp-container-1 wp-block-group\"><div class=\"wp-block-group__inner-container\">\n<p><em>\u00ab\u00a0La radiesth\u00e9sie est un proc\u00e9d\u00e9 de d\u00e9tection fond\u00e9 sur la sensibilit\u00e9 des \u00eatres vivants \u00e0 certaines radiations qu&rsquo;\u00e9mettraient diff\u00e9rents corps. Elle permettrait de localiser des sources, retrouver un objet perdu, un tr\u00e9sor ou une personne disparue, \u00e9tablir un diagnostic m\u00e9dical, d\u00e9terminer la profondeur d&rsquo;un puits, etc.\u00a0\u00bb<\/em>(wikipedia)<\/p>\n\n\n\n<p><b><a href=\"https:\/\/youdig.fr\/wdp\/initiation-a-la-radiesthesie\/\">Initiation<\/a><\/b><br>Ma\u00eetriser, utiliser efficacement le pendule et les baguettes de sourcier en un week-end.<\/p>\n\n\n\n<p><b><a href=\"https:\/\/youdig.fr\/wdp\/architecture-sacree-et-energie\/\">Architecture sacr\u00e9e et l&rsquo;\u00e9nergie<\/a><\/b><br>La d\u00e9couverte des lieux sacr\u00e9s par une approche \u00e9nerg\u00e9tique.<\/p>\n\n\n\n<p><em>Les lieux sacr\u00e9s sont pl\u00e9thore en Bretagne : fontaines, chapelle, \u00e9glises<\/em><br><em> Ces \u00e9difices ont \u00e9t\u00e9 construit \u00e0 des endroits bien pr\u00e9cis et dans une position sp\u00e9cifiquement orient\u00e9<\/em>e.<\/p>\n\n\n\n<p><strong><a href=\"https:\/\/youdig.fr\/wdp\/animations\/les-stages\/geobiologie\/\">G\u00e9obiologie<\/a><\/strong><br>R\u00e9seaux telluriques et cosmiques, taux vibratoire&#8230;<\/p>\n\n\n\n<p><strong>Animation<\/strong><\/p>\n\n\n\n<p>Ces stages, anim\u00e9s par un passionn\u00e9 utilisant le pendule au quotidien se d\u00e9roulent sur 2 journ\u00e9es de week-end (<strong><a href=\"https:\/\/youdig.fr\/wdp\/stages\/\">voir l&rsquo;agenda<\/a><\/strong>). Les d\u00e9jeuners sont compris dans le prix.<\/p>\n\n\n\n<p>Quant \u00e0 l&rsquo;h\u00e9bergement en chambre d&rsquo;h\u00f4te ou en g\u00eete, il est conseill\u00e9 de r\u00e9server lors de l&rsquo;inscription (0298996236)<\/p>\n<\/div><\/div>\n<\/div><\/div>\n<\/div><\/div>\n<\/div><\/div>\n","protected":false},"excerpt":{"rendered":"<p>\u00ab\u00a0La radiesth\u00e9sie est un proc\u00e9d\u00e9 de d\u00e9tection fond\u00e9 sur la sensibilit\u00e9 des \u00eatres vivants \u00e0 certaines radiations qu&rsquo;\u00e9mettraient diff\u00e9rents corps. Elle permettrait de localiser des sources, retrouver un objet perdu, un tr\u00e9sor ou une personne disparue, \u00e9tablir un diagnostic m\u00e9dical, d\u00e9terminer la profondeur d&rsquo;un puits, etc.\u00a0\u00bb(wikipedia) InitiationMa\u00eetriser, utiliser efficacement le pendule et les baguettes de sourcier en un week-end. Architecture<\/p>\n","protected":false},"author":1,"featured_media":0,"parent":1429,"menu_order":0,"comment_status":"closed","ping_status":"closed","template":"","meta":[],"_links":{"self":[{"href":"https:\/\/youdig.fr\/wdp\/wp-json\/wp\/v2\/pages\/1181"}],"collection":[{"href":"https:\/\/youdig.fr\/wdp\/wp-json\/wp\/v2\/pages"}],"about":[{"href":"https:\/\/youdig.fr\/wdp\/wp-json\/wp\/v2\/types\/page"}],"author":[{"embeddable":true,"href":"https:\/\/youdig.fr\/wdp\/wp-json\/wp\/v2\/users\/1"}],"replies":[{"embeddable":true,"href":"https:\/\/youdig.fr\/wdp\/wp-json\/wp\/v2\/comments?post=1181"}],"version-history":[{"count":21,"href":"https:\/\/youdig.fr\/wdp\/wp-json\/wp\/v2\/pages\/1181\/revisions"}],"predecessor-version":[{"id":4802,"href":"https:\/\/youdig.fr\/wdp\/wp-json\/wp\/v2\/pages\/1181\/revisions\/4802"}],"up":[{"embeddable":true,"href":"https:\/\/youdig.fr\/wdp\/wp-json\/wp\/v2\/pages\/1429"}],"wp:attachment":[{"href":"https:\/\/youdig.fr\/wdp\/wp-json\/wp\/v2\/media?parent=1181"}],"curies":[{"name":"wp","href":"https:\/\/api.w.org\/{rel}","templated":true}]}}