{"id":1228,"date":"2016-07-15T15:23:45","date_gmt":"2016-07-15T14:23:45","guid":{"rendered":"https:\/\/youdig.fr\/wdp\/?page_id=1228"},"modified":"2020-05-28T13:17:54","modified_gmt":"2020-05-28T12:17:54","slug":"soirees-contes","status":"publish","type":"page","link":"https:\/\/youdig.fr\/wdp\/animations\/soirees-contes\/","title":{"rendered":"Soir\u00e9es contes"},"content":{"rendered":"\n<div class=\"wp-container-6 wp-block-group\"><div class=\"wp-block-group__inner-container\">\n<div class=\"wp-container-5 wp-block-group\"><div class=\"wp-block-group__inner-container\">\n<div class=\"wp-container-4 wp-block-group\"><div class=\"wp-block-group__inner-container\">\n<div class=\"wp-container-3 wp-block-group\"><div class=\"wp-block-group__inner-container\">\n<div class=\"wp-container-2 wp-block-group\"><div class=\"wp-block-group__inner-container\">\n<div class=\"wp-container-1 wp-block-group\"><div class=\"wp-block-group__inner-container\">\n<p>\u00a0<\/p>\n<center><b><span style=\"color: green;\">Les dates : tous les jeudis soir en Juillet et Ao\u00fbt<\/span><\/b><\/center>\n<p>\u00a0<\/p>\n<center><b><span style=\"color: red;\">Il est conseill\u00e9 de r\u00e9server!.. renseignements-r\u00e9servations : 02.98.99.62.36 ou <a href=\"https:\/\/youdig.fr\/wdp\/contact\/\">mail<\/a><\/span><\/b><\/center>\n<p>\u00a0<\/p>\n<p>Les soir\u00e9es contes regroupe tout le potentiel du Youdig! Venez y assister au moins une fois!<\/p>\n<p>D\u00e9roulement de la soir\u00e9e (d\u00e9bute \u00e0 18h00)<\/p>\n<p>&#8211; <u>Visite du mus\u00e9e<\/u> d&rsquo;Annick LE LANN, sa cr\u00e9atrice.<\/p>\n<p>&#8211; <u>Repas breton<\/u> : kir breton, melon au chouchen (suivant saison), <a href=\"https:\/\/youdig.fr\/wdp\/lauberge\/le-kig-ha-farz\/\">kig ha farz<\/a>, far et gateau de beurre, caf\u00e9.<br \/>&#8230;vin et cidre breton<br \/>Le repas se termine par des danses et chants bretons (anim\u00e9s par Gwen et chant\u00e9s par Seb).<\/p>\n<p>&#8211; <u>Soir\u00e9e contes<\/u> dans une salle sp\u00e9cialement am\u00e9nag\u00e9e.<\/p>\n<p>Ces derni\u00e8res se d\u00e9roulent sous forme de sc\u00e8nes ouvertes et s\u2019adressent \u00e0 tous les passionn\u00e9s de tradition orale, dans un esprit passeurs de m\u00e9moire.<br \/>L&rsquo;\u00e9quipe de conteurs vous emm\u00e8nera dans les l\u00e9gendes du Youdig&#8230; l&rsquo;imaginaire et le r\u00eave.<br \/>Pour grands et petits.<\/p>\n<p>La soir\u00e9e se termine par <a href=\"https:\/\/youdig.fr\/wdp\/la-gavotte\/\">l&rsquo;apprentissage de danses bretonnes<\/a>.<br \/>Voir la vid\u00e9o <a href=\"https:\/\/youdig.fr\/wdp\/videos\/seb-et-les-korrigans\/\">Seb et les korrigans<\/a><\/p>\n<style type=\"text\/css\">.easingslider-2381 { max-width: 640px; }.easingslider-2381 .easingslider-image { max-height: 400px; max-width: 640px; }.easingslider-2381 .easingslider-fade-in, .easingslider-fade-out { -webkit-animation-duration: 400ms; -moz-animation-duration: 400ms; animation-duration: 400ms; }<\/style><script type=\"text\/javascript\">window.EasingSlider2381 = {\"width\":640,\"height\":400,\"singleItem\":true,\"items\":1,\"itemsDesktop\":false,\"itemsDesktopSmall\":false,\"itemsTablet\":false,\"itemsTabletSmall\":false,\"itemsMobile\":false,\"responsive\":true,\"lazyLoad\":true,\"autoPlay\":4000,\"slideSpeed\":400,\"navigation\":true,\"navigationText\":[\"\",\"\"],\"pagination\":true,\"autoHeight\":false,\"mouseDrag\":false,\"touchDrag\":false,\"addClassActive\":true,\"transitionStyle\":\"fade\"};<\/script><div data-id=\"2381\" class=\"easingslider easingslider-2381 easingslider-container easingslider-resizing-enabled easingslider-aspect-ratio easingslider-arrows-inside easingslider-pagination-inside easingslider-pagination-bottom-center\"><div class=\"easingslider-slide\"><img src=\"https:\/\/youdig.fr\/wdp\/wp-content\/plugins\/easing-slider\/assets\/images\/placeholder-pixel.png\" data-src=\"https:\/\/youdig.fr\/wdp\/wp-content\/uploads\/2016\/07\/soir\u00e9e-contes-15-640x400.jpg\" alt=\"\" title=\"\" class=\"easingslider-image easingslider-lazy\" \/><\/div><div class=\"easingslider-slide\"><img src=\"https:\/\/youdig.fr\/wdp\/wp-content\/plugins\/easing-slider\/assets\/images\/placeholder-pixel.png\" data-src=\"https:\/\/youdig.fr\/wdp\/wp-content\/uploads\/2016\/07\/soir\u00e9e-contes-8-640x400.jpg\" alt=\"\" title=\"\" class=\"easingslider-image easingslider-lazy\" \/><\/div><div class=\"easingslider-slide\"><img src=\"https:\/\/youdig.fr\/wdp\/wp-content\/plugins\/easing-slider\/assets\/images\/placeholder-pixel.png\" data-src=\"https:\/\/youdig.fr\/wdp\/wp-content\/uploads\/2016\/07\/soir\u00e9e-contes-20-640x400.jpg\" alt=\"\" title=\"\" class=\"easingslider-image easingslider-lazy\" \/><\/div><div class=\"easingslider-slide\"><img src=\"https:\/\/youdig.fr\/wdp\/wp-content\/plugins\/easing-slider\/assets\/images\/placeholder-pixel.png\" data-src=\"https:\/\/youdig.fr\/wdp\/wp-content\/uploads\/2016\/07\/soir\u00e9e-contes-19-640x400.jpg\" alt=\"\" title=\"\" class=\"easingslider-image easingslider-lazy\" \/><\/div><div class=\"easingslider-slide\"><img src=\"https:\/\/youdig.fr\/wdp\/wp-content\/plugins\/easing-slider\/assets\/images\/placeholder-pixel.png\" data-src=\"https:\/\/youdig.fr\/wdp\/wp-content\/uploads\/2016\/07\/soir\u00e9e-contes-10-640x400.jpg\" alt=\"\" title=\"\" class=\"easingslider-image easingslider-lazy\" \/><\/div><div class=\"easingslider-slide\"><img src=\"https:\/\/youdig.fr\/wdp\/wp-content\/plugins\/easing-slider\/assets\/images\/placeholder-pixel.png\" data-src=\"https:\/\/youdig.fr\/wdp\/wp-content\/uploads\/2016\/07\/soir\u00e9e-contes-18-640x400.jpg\" alt=\"\" title=\"\" class=\"easingslider-image easingslider-lazy\" \/><\/div><div class=\"easingslider-slide\"><img src=\"https:\/\/youdig.fr\/wdp\/wp-content\/plugins\/easing-slider\/assets\/images\/placeholder-pixel.png\" data-src=\"https:\/\/youdig.fr\/wdp\/wp-content\/uploads\/2016\/07\/soir\u00e9e-contes-16-640x400.jpg\" alt=\"\" title=\"\" class=\"easingslider-image easingslider-lazy\" \/><\/div><div class=\"easingslider-slide\"><img src=\"https:\/\/youdig.fr\/wdp\/wp-content\/plugins\/easing-slider\/assets\/images\/placeholder-pixel.png\" data-src=\"https:\/\/youdig.fr\/wdp\/wp-content\/uploads\/2016\/07\/soir\u00e9e-contes-14-640x400.jpg\" alt=\"\" title=\"\" class=\"easingslider-image easingslider-lazy\" \/><\/div><div class=\"easingslider-slide\"><img src=\"https:\/\/youdig.fr\/wdp\/wp-content\/plugins\/easing-slider\/assets\/images\/placeholder-pixel.png\" data-src=\"https:\/\/youdig.fr\/wdp\/wp-content\/uploads\/2016\/07\/soir\u00e9e-contes-13-640x400.jpg\" alt=\"\" title=\"\" class=\"easingslider-image easingslider-lazy\" \/><\/div><div class=\"easingslider-slide\"><img src=\"https:\/\/youdig.fr\/wdp\/wp-content\/plugins\/easing-slider\/assets\/images\/placeholder-pixel.png\" data-src=\"https:\/\/youdig.fr\/wdp\/wp-content\/uploads\/2016\/07\/soir\u00e9e-contes-26-640x400.jpg\" alt=\"\" title=\"\" class=\"easingslider-image easingslider-lazy\" \/><\/div><div class=\"easingslider-slide\"><img src=\"https:\/\/youdig.fr\/wdp\/wp-content\/plugins\/easing-slider\/assets\/images\/placeholder-pixel.png\" data-src=\"https:\/\/youdig.fr\/wdp\/wp-content\/uploads\/2016\/07\/soir\u00e9e-contes-12-640x400.jpg\" alt=\"\" title=\"\" class=\"easingslider-image easingslider-lazy\" \/><\/div><div class=\"easingslider-slide\"><img src=\"https:\/\/youdig.fr\/wdp\/wp-content\/plugins\/easing-slider\/assets\/images\/placeholder-pixel.png\" data-src=\"https:\/\/youdig.fr\/wdp\/wp-content\/uploads\/2016\/07\/soir\u00e9e-contes-9-640x400.jpg\" alt=\"\" title=\"\" class=\"easingslider-image easingslider-lazy\" \/><\/div><div class=\"easingslider-slide\"><img src=\"https:\/\/youdig.fr\/wdp\/wp-content\/plugins\/easing-slider\/assets\/images\/placeholder-pixel.png\" data-src=\"https:\/\/youdig.fr\/wdp\/wp-content\/uploads\/2016\/07\/soir\u00e9e-contes-7-640x400.jpg\" alt=\"\" title=\"\" class=\"easingslider-image easingslider-lazy\" \/><\/div><div class=\"easingslider-slide\"><img src=\"https:\/\/youdig.fr\/wdp\/wp-content\/plugins\/easing-slider\/assets\/images\/placeholder-pixel.png\" data-src=\"https:\/\/youdig.fr\/wdp\/wp-content\/uploads\/2016\/07\/soir\u00e9e-contes-1-640x400.jpg\" alt=\"\" title=\"\" class=\"easingslider-image easingslider-lazy\" \/><\/div><div class=\"easingslider-slide\"><img src=\"https:\/\/youdig.fr\/wdp\/wp-content\/plugins\/easing-slider\/assets\/images\/placeholder-pixel.png\" data-src=\"https:\/\/youdig.fr\/wdp\/wp-content\/uploads\/2016\/07\/soir\u00e9e-contes-23-640x400.jpg\" alt=\"\" title=\"\" class=\"easingslider-image easingslider-lazy\" \/><\/div><div class=\"easingslider-slide\"><img src=\"https:\/\/youdig.fr\/wdp\/wp-content\/plugins\/easing-slider\/assets\/images\/placeholder-pixel.png\" data-src=\"https:\/\/youdig.fr\/wdp\/wp-content\/uploads\/2016\/07\/soir\u00e9e-contes-25-640x400.jpg\" alt=\"\" title=\"\" class=\"easingslider-image easingslider-lazy\" \/><\/div><div class=\"easingslider-slide\"><img src=\"https:\/\/youdig.fr\/wdp\/wp-content\/plugins\/easing-slider\/assets\/images\/placeholder-pixel.png\" data-src=\"https:\/\/youdig.fr\/wdp\/wp-content\/uploads\/2016\/07\/soir\u00e9e-contes-24-640x400.jpg\" alt=\"\" title=\"\" class=\"easingslider-image easingslider-lazy\" \/><\/div><\/div>\n<\/div><\/div>\n<\/div><\/div>\n<\/div><\/div>\n<\/div><\/div>\n<\/div><\/div>\n<\/div><\/div>\n","protected":false},"excerpt":{"rendered":"<p>\u00a0 Les dates : tous les jeudis soir en Juillet et Ao\u00fbt \u00a0 Il est conseill\u00e9 de r\u00e9server!.. renseignements-r\u00e9servations : 02.98.99.62.36 ou mail \u00a0 Les soir\u00e9es contes regroupe tout le potentiel du Youdig! Venez y assister au moins une fois! D\u00e9roulement de la soir\u00e9e (d\u00e9bute \u00e0 18h00) &#8211; Visite du mus\u00e9e d&rsquo;Annick LE LANN, sa cr\u00e9atrice. &#8211; Repas breton :<\/p>\n","protected":false},"author":1,"featured_media":0,"parent":1429,"menu_order":0,"comment_status":"closed","ping_status":"closed","template":"","meta":[],"_links":{"self":[{"href":"https:\/\/youdig.fr\/wdp\/wp-json\/wp\/v2\/pages\/1228"}],"collection":[{"href":"https:\/\/youdig.fr\/wdp\/wp-json\/wp\/v2\/pages"}],"about":[{"href":"https:\/\/youdig.fr\/wdp\/wp-json\/wp\/v2\/types\/page"}],"author":[{"embeddable":true,"href":"https:\/\/youdig.fr\/wdp\/wp-json\/wp\/v2\/users\/1"}],"replies":[{"embeddable":true,"href":"https:\/\/youdig.fr\/wdp\/wp-json\/wp\/v2\/comments?post=1228"}],"version-history":[{"count":34,"href":"https:\/\/youdig.fr\/wdp\/wp-json\/wp\/v2\/pages\/1228\/revisions"}],"predecessor-version":[{"id":3318,"href":"https:\/\/youdig.fr\/wdp\/wp-json\/wp\/v2\/pages\/1228\/revisions\/3318"}],"up":[{"embeddable":true,"href":"https:\/\/youdig.fr\/wdp\/wp-json\/wp\/v2\/pages\/1429"}],"wp:attachment":[{"href":"https:\/\/youdig.fr\/wdp\/wp-json\/wp\/v2\/media?parent=1228"}],"curies":[{"name":"wp","href":"https:\/\/api.w.org\/{rel}","templated":true}]}}