{"id":1331,"date":"2016-07-16T15:23:20","date_gmt":"2016-07-16T14:23:20","guid":{"rendered":"https:\/\/youdig.fr\/wdp\/?page_id=1331"},"modified":"2016-07-19T10:52:25","modified_gmt":"2016-07-19T09:52:25","slug":"cookie-policy","status":"publish","type":"page","link":"https:\/\/youdig.fr\/wdp\/mentions-legales\/cookie-policy\/","title":{"rendered":"Cookie policy"},"content":{"rendered":"<p>Que dit la loi ?<\/p>\n<p>En modifiant l\u2019article 5(3) de la directive 2002\/58\/CE par l\u2019adoption de la directive 2009\/136\/CE, le l\u00e9gislateur europ\u00e9en a pos\u00e9 le principe :<\/p>\n<p>&#8211; d\u2019un consentement pr\u00e9alable de l\u2019utilisateur avant le stockage d\u2019informations sur l\u2019\u00e9quipement d\u2019un utilisateur ou l\u2019acc\u00e8s \u00e0 des informations d\u00e9j\u00e0 stock\u00e9es.<br \/>\n&#8211; sauf, si ces actions sont strictement n\u00e9cessaires pour la d\u00e9livrance d\u2019un service de la soci\u00e9t\u00e9 de l\u2019information express\u00e9ment demand\u00e9 par l\u2019abonn\u00e9 ou l\u2019utilisateur.<\/p>\n<p>L\u2019article 32-II de la loi du 6 janvier 1978, modifi\u00e9 par l\u2019ordonnance n\u00b02011-1012 du 24 ao\u00fbt 2011 qui a transpos\u00e9 la directive 2009\/136\/CE reprend ce principe.<\/p>\n<p>En application de la loi informatique et libert\u00e9s, les traceurs (cookies ou autres) n\u00e9cessitant un recueil du consentement ne peuvent donc \u00eatre d\u00e9pos\u00e9s ou lus sur son terminal, tant que la personne n\u2019a pas donn\u00e9 son consentement.<\/p>\n<p>Ce site utilise des cookies pour am\u00e9liorer l\u2019exp\u00e9rience de navigation et fournir des fonctionnalit\u00e9s suppl\u00e9mentaires. Ces donn\u00e9es ne seront pas utilis\u00e9es pour vous identifier ou vous pister.<\/p>\n<p>En cliquant sur le bouton \u00ab J\u2019accepte \u00bb vous consentez \u00e0 ce que ce site sauvegarde quelques petits blocs de donn\u00e9es sur votre ordinateur.<\/p>\n<p>Pour en savoir plus sur les cookies et le localStorage, visitez le site de la Commission Nationale de l\u2019Informatique et des Libert\u00e9s.<\/p>\n","protected":false},"excerpt":{"rendered":"<p>Que dit la loi ? En modifiant l\u2019article 5(3) de la directive 2002\/58\/CE par l\u2019adoption de la directive 2009\/136\/CE, le l\u00e9gislateur europ\u00e9en a pos\u00e9 le principe : &#8211; d\u2019un consentement pr\u00e9alable de l\u2019utilisateur avant le stockage d\u2019informations sur l\u2019\u00e9quipement d\u2019un utilisateur ou l\u2019acc\u00e8s \u00e0 des informations d\u00e9j\u00e0 stock\u00e9es. &#8211; sauf, si ces actions sont strictement n\u00e9cessaires pour la d\u00e9livrance d\u2019un<\/p>\n","protected":false},"author":1,"featured_media":0,"parent":211,"menu_order":0,"comment_status":"closed","ping_status":"closed","template":"","meta":[],"_links":{"self":[{"href":"https:\/\/youdig.fr\/wdp\/wp-json\/wp\/v2\/pages\/1331"}],"collection":[{"href":"https:\/\/youdig.fr\/wdp\/wp-json\/wp\/v2\/pages"}],"about":[{"href":"https:\/\/youdig.fr\/wdp\/wp-json\/wp\/v2\/types\/page"}],"author":[{"embeddable":true,"href":"https:\/\/youdig.fr\/wdp\/wp-json\/wp\/v2\/users\/1"}],"replies":[{"embeddable":true,"href":"https:\/\/youdig.fr\/wdp\/wp-json\/wp\/v2\/comments?post=1331"}],"version-history":[{"count":3,"href":"https:\/\/youdig.fr\/wdp\/wp-json\/wp\/v2\/pages\/1331\/revisions"}],"predecessor-version":[{"id":1825,"href":"https:\/\/youdig.fr\/wdp\/wp-json\/wp\/v2\/pages\/1331\/revisions\/1825"}],"up":[{"embeddable":true,"href":"https:\/\/youdig.fr\/wdp\/wp-json\/wp\/v2\/pages\/211"}],"wp:attachment":[{"href":"https:\/\/youdig.fr\/wdp\/wp-json\/wp\/v2\/media?parent=1331"}],"curies":[{"name":"wp","href":"https:\/\/api.w.org\/{rel}","templated":true}]}}