{"id":1450,"date":"2016-07-17T07:43:56","date_gmt":"2016-07-17T06:43:56","guid":{"rendered":"https:\/\/youdig.fr\/wdp\/?page_id=1450"},"modified":"2022-10-31T15:44:26","modified_gmt":"2022-10-31T14:44:26","slug":"circuits-de-rando","status":"publish","type":"page","link":"https:\/\/youdig.fr\/wdp\/animations\/circuits-de-rando\/","title":{"rendered":"circuits et curiosit\u00e9s"},"content":{"rendered":"\n<p>Les Monts d&rsquo;Arr\u00e9e : v\u00e9g\u00e9tation impressionnante, forts d\u00e9nivel\u00e9s, descentes technique pour les VTT, vall\u00e9es bois\u00e9es et cr\u00eates ac\u00e9r\u00e9es, c\u2019est encore plus beau en \u00e9t\u00e9, quand les couleurs explosent ! Au sein du Parc Naturel R\u00e9gional d\u2019Armorique, cette terre sauvage et pr\u00e9serv\u00e9e offre des points de vue grandioses sur les paysages environnants.<\/p>\n\n\n\n<div class=\"wp-block-media-text alignwide has-media-on-the-right is-stacked-on-mobile\" style=\"grid-template-columns:auto 45%\"><figure class=\"wp-block-media-text__media\"><img loading=\"lazy\" width=\"799\" height=\"531\" src=\"https:\/\/youdig.fr\/wdp\/wp-content\/uploads\/2022\/10\/panneau-landes-et-tourbieres.jpg\" alt=\"\" class=\"wp-image-4767 size-full\" srcset=\"https:\/\/youdig.fr\/wdp\/wp-content\/uploads\/2022\/10\/panneau-landes-et-tourbieres.jpg 799w, https:\/\/youdig.fr\/wdp\/wp-content\/uploads\/2022\/10\/panneau-landes-et-tourbieres-300x199.jpg 300w, https:\/\/youdig.fr\/wdp\/wp-content\/uploads\/2022\/10\/panneau-landes-et-tourbieres-768x510.jpg 768w\" sizes=\"(max-width: 799px) 100vw, 799px\" \/><\/figure><div class=\"wp-block-media-text__content\">\n<p>Ces circuits de randos vous emm\u00e8nent \u00e0 travers des paysages magiques, \u00e0 partir du Youdig.<br>En formule libert\u00e9, en formule accompagn\u00e9e, c&rsquo;est \u00e0 vous de choisir.<br>Le <a href=\"https:\/\/youdig.fr\/wdp\/hebergements\/gite-des-randonneurs\/\">g\u00eete d&rsquo;\u00e9tape<\/a> est votre point de d\u00e9part et d&rsquo;arriv\u00e9e. Il accueille 16 personnes.<br>Pour les individuels, <a href=\"https:\/\/youdig.fr\/wdp\/hebergements\/chambres-dhote\/\">4 chambres d&rsquo;h\u00f4tes<\/a>.<\/p>\n<\/div><\/div>\n\n\n\n<p><strong><font color=\"green\">Quelques circuits <\/font><\/strong><em>au d\u00e9part du Youdig<\/em><\/p>\n\n\n\n<figure class=\"wp-container-2 wp-block-gallery-1 wp-block-gallery has-nested-images columns-4 is-cropped\">\n<figure class=\"wp-block-image size-large\"><a href=\"https:\/\/youdig.fr\/wdp\/gr-circuit_de_roch_an_teuz\/\"><img loading=\"lazy\" width=\"800\" height=\"692\" data-id=\"4725\"  src=\"https:\/\/youdig.fr\/wdp\/wp-content\/uploads\/2022\/10\/GR-circuit_de_roch_an_teuz.jpg\" alt=\"\" class=\"wp-image-4725\" srcset=\"https:\/\/youdig.fr\/wdp\/wp-content\/uploads\/2022\/10\/GR-circuit_de_roch_an_teuz.jpg 800w, https:\/\/youdig.fr\/wdp\/wp-content\/uploads\/2022\/10\/GR-circuit_de_roch_an_teuz-300x260.jpg 300w, https:\/\/youdig.fr\/wdp\/wp-content\/uploads\/2022\/10\/GR-circuit_de_roch_an_teuz-768x664.jpg 768w\" sizes=\"(max-width: 800px) 100vw, 800px\" \/><\/a><figcaption><strong>Roc&rsquo;h An Treuz<br>14,1 kms &#8211; 3 heures<\/strong><\/figcaption><\/figure>\n\n\n\n<figure class=\"wp-block-image size-thumbnail\"><a href=\"https:\/\/youdig.fr\/wdp\/wp-content\/uploads\/2022\/10\/GR-circuit_du_roch-bichourel.jpg\"><img loading=\"lazy\" width=\"150\" height=\"150\" data-id=\"4721\"  src=\"https:\/\/youdig.fr\/wdp\/wp-content\/uploads\/2022\/10\/GR-circuit_du_roch-bichourel-150x150.jpg\" alt=\"circuit du roc'h bichourel\" class=\"wp-image-4721\" srcset=\"https:\/\/youdig.fr\/wdp\/wp-content\/uploads\/2022\/10\/GR-circuit_du_roch-bichourel-150x150.jpg 150w, https:\/\/youdig.fr\/wdp\/wp-content\/uploads\/2022\/10\/GR-circuit_du_roch-bichourel-90x90.jpg 90w, https:\/\/youdig.fr\/wdp\/wp-content\/uploads\/2022\/10\/GR-circuit_du_roch-bichourel-75x75.jpg 75w\" sizes=\"(max-width: 150px) 100vw, 150px\" \/><\/a><figcaption><br><strong>Roc&rsquo;h Bichourel<br>7,5 kms &#8211; 2 heures<\/strong><\/figcaption><\/figure>\n\n\n\n<figure class=\"wp-block-image size-large\"><a href=\"https:\/\/youdig.fr\/wdp\/wp-content\/uploads\/2022\/10\/circuit_landes_et_tourbieres.jpg\"><img loading=\"lazy\" width=\"800\" height=\"922\" data-id=\"4720\"  src=\"https:\/\/youdig.fr\/wdp\/wp-content\/uploads\/2022\/10\/circuit_landes_et_tourbieres.jpg\" alt=\"\" class=\"wp-image-4720\" srcset=\"https:\/\/youdig.fr\/wdp\/wp-content\/uploads\/2022\/10\/circuit_landes_et_tourbieres.jpg 800w, https:\/\/youdig.fr\/wdp\/wp-content\/uploads\/2022\/10\/circuit_landes_et_tourbieres-260x300.jpg 260w, https:\/\/youdig.fr\/wdp\/wp-content\/uploads\/2022\/10\/circuit_landes_et_tourbieres-768x885.jpg 768w\" sizes=\"(max-width: 800px) 100vw, 800px\" \/><\/a><figcaption><strong>Landes et tourbi\u00e8res<br>16,1 kms &#8211; 3 heures<\/strong><\/figcaption><\/figure>\n\n\n\n<figure class=\"wp-block-image size-large\"><a href=\"https:\/\/youdig.fr\/wdp\/wp-content\/uploads\/2022\/10\/circuit_du_yeun-elez.jpg\"><img loading=\"lazy\" width=\"800\" height=\"623\" data-id=\"4719\"  src=\"https:\/\/youdig.fr\/wdp\/wp-content\/uploads\/2022\/10\/circuit_du_yeun-elez.jpg\" alt=\"\" class=\"wp-image-4719\" srcset=\"https:\/\/youdig.fr\/wdp\/wp-content\/uploads\/2022\/10\/circuit_du_yeun-elez.jpg 800w, https:\/\/youdig.fr\/wdp\/wp-content\/uploads\/2022\/10\/circuit_du_yeun-elez-300x234.jpg 300w, https:\/\/youdig.fr\/wdp\/wp-content\/uploads\/2022\/10\/circuit_du_yeun-elez-768x598.jpg 768w\" sizes=\"(max-width: 800px) 100vw, 800px\" \/><\/a><figcaption><strong>Le Yeun Elez<br>14,9 kms-3 heures<\/strong><\/figcaption><\/figure>\n<figcaption class=\"blocks-gallery-caption\"><em>Cliquez pour agrandir les circuits<\/em><\/figcaption><\/figure>\n\n\n\n<p><strong><font color=\"green\">A proximit\u00e9 : multiples activit\u00e9s pour tous les go\u00fbts<\/font><\/strong><\/p>\n\n\n\n<div class=\"wp-block-media-text alignwide is-stacked-on-mobile\"><figure class=\"wp-block-media-text__media\"><img loading=\"lazy\" width=\"800\" height=\"531\" src=\"https:\/\/youdig.fr\/wdp\/wp-content\/uploads\/2022\/10\/mont-saint-michel-de-brasparts-1.jpg\" alt=\"\" class=\"wp-image-4855 size-full\" srcset=\"https:\/\/youdig.fr\/wdp\/wp-content\/uploads\/2022\/10\/mont-saint-michel-de-brasparts-1.jpg 800w, https:\/\/youdig.fr\/wdp\/wp-content\/uploads\/2022\/10\/mont-saint-michel-de-brasparts-1-300x199.jpg 300w, https:\/\/youdig.fr\/wdp\/wp-content\/uploads\/2022\/10\/mont-saint-michel-de-brasparts-1-768x510.jpg 768w\" sizes=\"(max-width: 800px) 100vw, 800px\" \/><\/figure><div class=\"wp-block-media-text__content\">\n<ul><li>Site du Mont Saint Michel de Brasparts et sa chapelle<\/li><li>Maison de la nature (castors)<\/li><li>Centre \u00e9questre au bord du lac Saint Michel<\/li><li>D\u00e9part des circuits de randonn\u00e9e<\/li><li>S\u00e9pulture en V<\/li><li>Maison des Korrigans<\/li><li>Paddle, cano\u00eb, voile, nage sur le lac<\/li><li>Espace mus\u00e9ographique de la premi\u00e8re centrale nucl\u00e9aire<\/li><\/ul>\n<\/div><\/div>\n\n\n\n<p><strong><font color=\"green\">Un peu plus loin<\/font><\/strong><\/p>\n\n\n\n<div class=\"wp-block-media-text alignwide has-media-on-the-right is-stacked-on-mobile\"><figure class=\"wp-block-media-text__media\"><img loading=\"lazy\" width=\"800\" height=\"531\" src=\"https:\/\/youdig.fr\/wdp\/wp-content\/uploads\/2022\/10\/tuchen-kador.jpg\" alt=\"\" class=\"wp-image-4779 size-full\" srcset=\"https:\/\/youdig.fr\/wdp\/wp-content\/uploads\/2022\/10\/tuchen-kador.jpg 800w, https:\/\/youdig.fr\/wdp\/wp-content\/uploads\/2022\/10\/tuchen-kador-300x199.jpg 300w, https:\/\/youdig.fr\/wdp\/wp-content\/uploads\/2022\/10\/tuchen-kador-768x510.jpg 768w\" sizes=\"(max-width: 800px) 100vw, 800px\" \/><\/figure><div class=\"wp-block-media-text__content\">\n<ul><li>Le Tuchen Kador rappelant certains sites de l&rsquo;Ecosse.<\/li><li>Huelgoat : nombreuses randos \u00e0 travers la for\u00eat magique. Mus\u00e9e, galerie de peinture et d&rsquo;artistes.<\/li><li>Le festival des vieilles charrues ( \u00e0 Carhaix).<\/li><li>Les roc&rsquo;hs des Monts d&rsquo;Arr\u00e9e (VTT).<\/li><li>L&rsquo;\u00e9glise de Saint Herbot et sa l\u00e9gende du G\u00e9ant.<\/li><\/ul>\n<\/div><\/div>\n","protected":false},"excerpt":{"rendered":"<p>Les Monts d&rsquo;Arr\u00e9e : v\u00e9g\u00e9tation impressionnante, forts d\u00e9nivel\u00e9s, descentes technique pour les VTT, vall\u00e9es bois\u00e9es et cr\u00eates ac\u00e9r\u00e9es, c\u2019est encore plus beau en \u00e9t\u00e9, quand les couleurs explosent ! Au sein du Parc Naturel R\u00e9gional d\u2019Armorique, cette terre sauvage et pr\u00e9serv\u00e9e offre des points de vue grandioses sur les paysages environnants. Ces circuits de randos vous emm\u00e8nent \u00e0 travers des<\/p>\n","protected":false},"author":1,"featured_media":0,"parent":1429,"menu_order":0,"comment_status":"closed","ping_status":"closed","template":"","meta":[],"_links":{"self":[{"href":"https:\/\/youdig.fr\/wdp\/wp-json\/wp\/v2\/pages\/1450"}],"collection":[{"href":"https:\/\/youdig.fr\/wdp\/wp-json\/wp\/v2\/pages"}],"about":[{"href":"https:\/\/youdig.fr\/wdp\/wp-json\/wp\/v2\/types\/page"}],"author":[{"embeddable":true,"href":"https:\/\/youdig.fr\/wdp\/wp-json\/wp\/v2\/users\/1"}],"replies":[{"embeddable":true,"href":"https:\/\/youdig.fr\/wdp\/wp-json\/wp\/v2\/comments?post=1450"}],"version-history":[{"count":127,"href":"https:\/\/youdig.fr\/wdp\/wp-json\/wp\/v2\/pages\/1450\/revisions"}],"predecessor-version":[{"id":4857,"href":"https:\/\/youdig.fr\/wdp\/wp-json\/wp\/v2\/pages\/1450\/revisions\/4857"}],"up":[{"embeddable":true,"href":"https:\/\/youdig.fr\/wdp\/wp-json\/wp\/v2\/pages\/1429"}],"wp:attachment":[{"href":"https:\/\/youdig.fr\/wdp\/wp-json\/wp\/v2\/media?parent=1450"}],"curies":[{"name":"wp","href":"https:\/\/api.w.org\/{rel}","templated":true}]}}