{"id":184,"date":"2016-07-11T09:04:18","date_gmt":"2016-07-11T08:04:18","guid":{"rendered":"https:\/\/youdig.fr\/wdp\/?page_id=184"},"modified":"2022-10-30T14:34:49","modified_gmt":"2022-10-30T13:34:49","slug":"gite-de-peche","status":"publish","type":"page","link":"https:\/\/youdig.fr\/wdp\/hebergements\/gites-de-caractere\/gite-de-peche\/","title":{"rendered":"G\u00eete du lac"},"content":{"rendered":"\n<p>Le Youdig vous propose ce vaste g\u00eete au bord du lac de Brennilis.<\/p>\n\n\n\n<p>Belle prestation les pieds dans l&rsquo;eau.<br>Pour p\u00eacheurs ou amoureux de la nature<br>renseignement \u00e0 l&rsquo;auberge 02.98.99.62.36<\/p>\n\n\n\n<p>A 20 m\u00e8tres du lac. dans un g\u00eete labellis\u00e9 g\u00eete de charme.<br><\/p>\n\n\n\n<p>Dans un espace enti\u00e8rement clos, la maison dispose de tout le confort : cuisine am\u00e9nag\u00e9e, lave-linge et s\u00e8che-linge,<br>2 salles d&rsquo;eau : l&rsquo;une \u00e0 l&rsquo;\u00e9tage et l&rsquo;autre au rez-de-chauss\u00e9e (douche \u00e0 l&rsquo;italienne, lavabo, wc).<\/p>\n\n\n\n<p>Pour 2, 4, 6 personnes.<\/p>\n\n\n\n<p><br><em>photos <a href=\"https:\/\/www.gites-de-france.com\/fr\/bretagne\/finistere\/la-maison-au-bord-du-lac-29g15895\" target=\"_blank\" rel=\"noreferrer noopener\">G\u00eetes de France<\/a><\/em><\/p>\n\n\n\n<p>Dans le jardin, un loft ind\u00e9pendant pour 2 personnes et un pr\u00e9au. Les 2 avec vue sur le lac.<\/p>\n\n\n\n<p>Renseignements <strong>0298996236<\/strong><\/p>\n\n\n\n<p><a href=\"https:\/\/youdig.fr\/wdp\/hebergements\/\"><strong>voir les autres g\u00eetes<\/strong><\/a><\/p>\n","protected":false},"excerpt":{"rendered":"<p>Le Youdig vous propose ce vaste g\u00eete au bord du lac de Brennilis. Belle prestation les pieds dans l&rsquo;eau.Pour p\u00eacheurs ou amoureux de la naturerenseignement \u00e0 l&rsquo;auberge 02.98.99.62.36 A 20 m\u00e8tres du lac. dans un g\u00eete labellis\u00e9 g\u00eete de charme. Dans un espace enti\u00e8rement clos, la maison dispose de tout le confort : cuisine am\u00e9nag\u00e9e, lave-linge et s\u00e8che-linge,2 salles d&rsquo;eau<\/p>\n","protected":false},"author":1,"featured_media":0,"parent":50,"menu_order":0,"comment_status":"closed","ping_status":"closed","template":"","meta":[],"_links":{"self":[{"href":"https:\/\/youdig.fr\/wdp\/wp-json\/wp\/v2\/pages\/184"}],"collection":[{"href":"https:\/\/youdig.fr\/wdp\/wp-json\/wp\/v2\/pages"}],"about":[{"href":"https:\/\/youdig.fr\/wdp\/wp-json\/wp\/v2\/types\/page"}],"author":[{"embeddable":true,"href":"https:\/\/youdig.fr\/wdp\/wp-json\/wp\/v2\/users\/1"}],"replies":[{"embeddable":true,"href":"https:\/\/youdig.fr\/wdp\/wp-json\/wp\/v2\/comments?post=184"}],"version-history":[{"count":62,"href":"https:\/\/youdig.fr\/wdp\/wp-json\/wp\/v2\/pages\/184\/revisions"}],"predecessor-version":[{"id":4829,"href":"https:\/\/youdig.fr\/wdp\/wp-json\/wp\/v2\/pages\/184\/revisions\/4829"}],"up":[{"embeddable":true,"href":"https:\/\/youdig.fr\/wdp\/wp-json\/wp\/v2\/pages\/50"}],"wp:attachment":[{"href":"https:\/\/youdig.fr\/wdp\/wp-json\/wp\/v2\/media?parent=184"}],"curies":[{"name":"wp","href":"https:\/\/api.w.org\/{rel}","templated":true}]}}