{"id":1931,"date":"2016-07-20T17:37:26","date_gmt":"2016-07-20T16:37:26","guid":{"rendered":"https:\/\/youdig.fr\/wdp\/?page_id=1931"},"modified":"2022-10-23T09:19:53","modified_gmt":"2022-10-23T08:19:53","slug":"la-terrasse","status":"publish","type":"page","link":"https:\/\/youdig.fr\/wdp\/lauberge\/la-terrasse\/","title":{"rendered":"la terrasse"},"content":{"rendered":"\n<div class=\"wp-container-1 wp-block-group\"><div class=\"wp-block-group__inner-container\">\n<p>Agr\u00e9able terrasse d&rsquo;\u00e9t\u00e9 pour les d\u00e9jeuners!<\/p>\n\n\n\n<style type=\"text\/css\">.easingslider-1916 { max-width: 640px; }.easingslider-1916 .easingslider-image { max-height: 400px; max-width: 640px; }.easingslider-1916 .easingslider-fade-in, .easingslider-fade-out { -webkit-animation-duration: 400ms; -moz-animation-duration: 400ms; animation-duration: 400ms; }<\/style><script type=\"text\/javascript\">window.EasingSlider1916 = {\"width\":640,\"height\":400,\"singleItem\":true,\"items\":1,\"itemsDesktop\":false,\"itemsDesktopSmall\":false,\"itemsTablet\":false,\"itemsTabletSmall\":false,\"itemsMobile\":false,\"responsive\":true,\"lazyLoad\":true,\"autoPlay\":4000,\"slideSpeed\":400,\"navigation\":true,\"navigationText\":[\"\",\"\"],\"pagination\":true,\"autoHeight\":false,\"mouseDrag\":false,\"touchDrag\":false,\"addClassActive\":true,\"transitionStyle\":\"fade\"};<\/script><div data-id=\"1916\" class=\"easingslider easingslider-1916 easingslider-container easingslider-resizing-enabled easingslider-aspect-ratio easingslider-arrows-inside easingslider-pagination-inside easingslider-pagination-bottom-center\"><div class=\"easingslider-slide\"><img src=\"https:\/\/youdig.fr\/wdp\/wp-content\/plugins\/easing-slider\/assets\/images\/placeholder-pixel.png\" data-src=\"https:\/\/youdig.fr\/wdp\/wp-content\/uploads\/2016\/07\/terrasse-3-640x400.jpg\" alt=\"\" title=\"\" class=\"easingslider-image easingslider-lazy\" \/><\/div><div class=\"easingslider-slide\"><img src=\"https:\/\/youdig.fr\/wdp\/wp-content\/plugins\/easing-slider\/assets\/images\/placeholder-pixel.png\" data-src=\"https:\/\/youdig.fr\/wdp\/wp-content\/uploads\/2016\/07\/terrasse-4-640x400.jpg\" alt=\"\" title=\"\" class=\"easingslider-image easingslider-lazy\" \/><\/div><div class=\"easingslider-slide\"><img src=\"https:\/\/youdig.fr\/wdp\/wp-content\/plugins\/easing-slider\/assets\/images\/placeholder-pixel.png\" data-src=\"https:\/\/youdig.fr\/wdp\/wp-content\/uploads\/2016\/07\/terrasse-5-640x400.jpg\" alt=\"\" title=\"\" class=\"easingslider-image easingslider-lazy\" \/><\/div><div class=\"easingslider-slide\"><img src=\"https:\/\/youdig.fr\/wdp\/wp-content\/plugins\/easing-slider\/assets\/images\/placeholder-pixel.png\" data-src=\"https:\/\/youdig.fr\/wdp\/wp-content\/uploads\/2016\/07\/terrasse-6-640x400.jpg\" alt=\"\" title=\"\" class=\"easingslider-image easingslider-lazy\" \/><\/div><div class=\"easingslider-slide\"><img src=\"https:\/\/youdig.fr\/wdp\/wp-content\/plugins\/easing-slider\/assets\/images\/placeholder-pixel.png\" data-src=\"https:\/\/youdig.fr\/wdp\/wp-content\/uploads\/2016\/07\/terrasse-7-640x400.jpg\" alt=\"\" title=\"\" class=\"easingslider-image easingslider-lazy\" \/><\/div><div class=\"easingslider-slide\"><img src=\"https:\/\/youdig.fr\/wdp\/wp-content\/plugins\/easing-slider\/assets\/images\/placeholder-pixel.png\" data-src=\"https:\/\/youdig.fr\/wdp\/wp-content\/uploads\/2016\/07\/terrasse-8-640x400.jpg\" alt=\"\" title=\"\" class=\"easingslider-image easingslider-lazy\" \/><\/div><div class=\"easingslider-slide\"><img src=\"https:\/\/youdig.fr\/wdp\/wp-content\/plugins\/easing-slider\/assets\/images\/placeholder-pixel.png\" data-src=\"https:\/\/youdig.fr\/wdp\/wp-content\/uploads\/2016\/07\/terrasse-9-640x400.jpg\" alt=\"\" title=\"\" class=\"easingslider-image easingslider-lazy\" \/><\/div><div class=\"easingslider-slide\"><img src=\"https:\/\/youdig.fr\/wdp\/wp-content\/plugins\/easing-slider\/assets\/images\/placeholder-pixel.png\" data-src=\"https:\/\/youdig.fr\/wdp\/wp-content\/uploads\/2016\/07\/terrasse-10-640x400.jpg\" alt=\"\" title=\"\" class=\"easingslider-image easingslider-lazy\" \/><\/div><div class=\"easingslider-slide\"><img src=\"https:\/\/youdig.fr\/wdp\/wp-content\/plugins\/easing-slider\/assets\/images\/placeholder-pixel.png\" data-src=\"https:\/\/youdig.fr\/wdp\/wp-content\/uploads\/2016\/07\/terrasse-11-640x400.jpg\" alt=\"\" title=\"\" class=\"easingslider-image easingslider-lazy\" \/><\/div><\/div>\n<\/div><\/div>\n","protected":false},"excerpt":{"rendered":"<p>Agr\u00e9able terrasse d&rsquo;\u00e9t\u00e9 pour les d\u00e9jeuners!<\/p>\n","protected":false},"author":1,"featured_media":0,"parent":56,"menu_order":0,"comment_status":"closed","ping_status":"closed","template":"","meta":[],"_links":{"self":[{"href":"https:\/\/youdig.fr\/wdp\/wp-json\/wp\/v2\/pages\/1931"}],"collection":[{"href":"https:\/\/youdig.fr\/wdp\/wp-json\/wp\/v2\/pages"}],"about":[{"href":"https:\/\/youdig.fr\/wdp\/wp-json\/wp\/v2\/types\/page"}],"author":[{"embeddable":true,"href":"https:\/\/youdig.fr\/wdp\/wp-json\/wp\/v2\/users\/1"}],"replies":[{"embeddable":true,"href":"https:\/\/youdig.fr\/wdp\/wp-json\/wp\/v2\/comments?post=1931"}],"version-history":[{"count":5,"href":"https:\/\/youdig.fr\/wdp\/wp-json\/wp\/v2\/pages\/1931\/revisions"}],"predecessor-version":[{"id":4056,"href":"https:\/\/youdig.fr\/wdp\/wp-json\/wp\/v2\/pages\/1931\/revisions\/4056"}],"up":[{"embeddable":true,"href":"https:\/\/youdig.fr\/wdp\/wp-json\/wp\/v2\/pages\/56"}],"wp:attachment":[{"href":"https:\/\/youdig.fr\/wdp\/wp-json\/wp\/v2\/media?parent=1931"}],"curies":[{"name":"wp","href":"https:\/\/api.w.org\/{rel}","templated":true}]}}