{"id":1968,"date":"2016-07-20T18:38:30","date_gmt":"2016-07-20T17:38:30","guid":{"rendered":"https:\/\/youdig.fr\/wdp\/?page_id=1968"},"modified":"2022-10-23T23:04:50","modified_gmt":"2022-10-23T22:04:50","slug":"la-chatelaine","status":"publish","type":"page","link":"https:\/\/youdig.fr\/wdp\/hebergements\/gites-de-caractere\/la-chatelaine\/","title":{"rendered":"La ch\u00e2telaine"},"content":{"rendered":"\n<p>Un g\u00eete de caract\u00e8re dans le plus haut village de Bretagne, \u00e0 La Feuill\u00e9e, dans le petit hameau de Keranheroff, un g\u00eete class\u00e9 <a href=\"https:\/\/www.gites-de-france.com\/fr\/bretagne\/finistere\/la-chatelaine-29g15893\"><strong>G\u00eetes de France \u00ab\u00a03\u00e9pis\u00a0\u00bb<\/strong><\/a>.<\/p>\n\n\n\n<p>Une demeure du XVI\u00e8me si\u00e8cle, enti\u00e8rement r\u00e9nov\u00e9e. Equip\u00e9e d&rsquo;une superbe cuisine Godin et d&rsquo;un po\u00eale \u00e0 bois, il dispose de 2 salles d&rsquo;eau\/WC.<br>Pour 4 personnes. WIFI<\/p>\n\n\n\n<style type=\"text\/css\">.easingslider-2217 { max-width: 640px; }.easingslider-2217 .easingslider-image { max-height: 400px; max-width: 640px; }.easingslider-2217 .easingslider-fade-in, .easingslider-fade-out { -webkit-animation-duration: 400ms; -moz-animation-duration: 400ms; animation-duration: 400ms; }<\/style><script type=\"text\/javascript\">window.EasingSlider2217 = {\"width\":640,\"height\":400,\"singleItem\":true,\"items\":1,\"itemsDesktop\":false,\"itemsDesktopSmall\":false,\"itemsTablet\":false,\"itemsTabletSmall\":false,\"itemsMobile\":false,\"responsive\":true,\"lazyLoad\":true,\"autoPlay\":4000,\"slideSpeed\":400,\"navigation\":true,\"navigationText\":[\"\",\"\"],\"pagination\":true,\"autoHeight\":false,\"mouseDrag\":false,\"touchDrag\":false,\"addClassActive\":true,\"transitionStyle\":\"fade\"};<\/script><div data-id=\"2217\" class=\"easingslider easingslider-2217 easingslider-container easingslider-resizing-enabled easingslider-aspect-ratio easingslider-arrows-inside easingslider-pagination-inside easingslider-pagination-bottom-center\"><div class=\"easingslider-slide\"><img src=\"https:\/\/youdig.fr\/wdp\/wp-content\/plugins\/easing-slider\/assets\/images\/placeholder-pixel.png\" data-src=\"https:\/\/youdig.fr\/wdp\/wp-content\/uploads\/2016\/07\/gite-la-chatelaine-4-640x400.jpg\" alt=\"\" title=\"\" class=\"easingslider-image easingslider-lazy\" \/><\/div><div class=\"easingslider-slide\"><img src=\"https:\/\/youdig.fr\/wdp\/wp-content\/plugins\/easing-slider\/assets\/images\/placeholder-pixel.png\" data-src=\"https:\/\/youdig.fr\/wdp\/wp-content\/uploads\/2016\/07\/gite-la-chatelaine-2-640x400.jpg\" alt=\"\" title=\"\" class=\"easingslider-image easingslider-lazy\" \/><\/div><div class=\"easingslider-slide\"><img src=\"https:\/\/youdig.fr\/wdp\/wp-content\/plugins\/easing-slider\/assets\/images\/placeholder-pixel.png\" data-src=\"https:\/\/youdig.fr\/wdp\/wp-content\/uploads\/2016\/07\/gite-la-chatelaine-3-e1469248165498-640x400.jpg\" alt=\"\" title=\"\" class=\"easingslider-image easingslider-lazy\" \/><\/div><div class=\"easingslider-slide\"><img src=\"https:\/\/youdig.fr\/wdp\/wp-content\/plugins\/easing-slider\/assets\/images\/placeholder-pixel.png\" data-src=\"https:\/\/youdig.fr\/wdp\/wp-content\/uploads\/2016\/07\/gite-la-chatelaine-7-640x400.jpg\" alt=\"\" title=\"\" class=\"easingslider-image easingslider-lazy\" \/><\/div><div class=\"easingslider-slide\"><img src=\"https:\/\/youdig.fr\/wdp\/wp-content\/plugins\/easing-slider\/assets\/images\/placeholder-pixel.png\" data-src=\"https:\/\/youdig.fr\/wdp\/wp-content\/uploads\/2016\/07\/gite-la-chatelaine-10-640x400.jpg\" alt=\"\" title=\"\" class=\"easingslider-image easingslider-lazy\" \/><\/div><div class=\"easingslider-slide\"><img src=\"https:\/\/youdig.fr\/wdp\/wp-content\/plugins\/easing-slider\/assets\/images\/placeholder-pixel.png\" data-src=\"https:\/\/youdig.fr\/wdp\/wp-content\/uploads\/2016\/07\/gite-la-chatelaine-8-640x400.jpg\" alt=\"\" title=\"\" class=\"easingslider-image easingslider-lazy\" \/><\/div><div class=\"easingslider-slide\"><img src=\"https:\/\/youdig.fr\/wdp\/wp-content\/plugins\/easing-slider\/assets\/images\/placeholder-pixel.png\" data-src=\"https:\/\/youdig.fr\/wdp\/wp-content\/uploads\/2016\/07\/gite-la-chatelaine-9-640x400.jpg\" alt=\"\" title=\"\" class=\"easingslider-image easingslider-lazy\" \/><\/div><div class=\"easingslider-slide\"><img src=\"https:\/\/youdig.fr\/wdp\/wp-content\/plugins\/easing-slider\/assets\/images\/placeholder-pixel.png\" data-src=\"https:\/\/youdig.fr\/wdp\/wp-content\/uploads\/2016\/07\/gite-la-chatelaine-11-640x400.jpg\" alt=\"\" title=\"\" class=\"easingslider-image easingslider-lazy\" \/><\/div><div class=\"easingslider-slide\"><img src=\"https:\/\/youdig.fr\/wdp\/wp-content\/plugins\/easing-slider\/assets\/images\/placeholder-pixel.png\" data-src=\"https:\/\/youdig.fr\/wdp\/wp-content\/uploads\/2016\/07\/gite-la-chatelaine-12-640x400.jpg\" alt=\"\" title=\"\" class=\"easingslider-image easingslider-lazy\" \/><\/div><div class=\"easingslider-slide\"><img src=\"https:\/\/youdig.fr\/wdp\/wp-content\/plugins\/easing-slider\/assets\/images\/placeholder-pixel.png\" data-src=\"https:\/\/youdig.fr\/wdp\/wp-content\/uploads\/2016\/07\/gite-la-chatelaine-14-640x400.jpg\" alt=\"\" title=\"\" class=\"easingslider-image easingslider-lazy\" \/><\/div><div class=\"easingslider-slide\"><img src=\"https:\/\/youdig.fr\/wdp\/wp-content\/plugins\/easing-slider\/assets\/images\/placeholder-pixel.png\" data-src=\"https:\/\/youdig.fr\/wdp\/wp-content\/uploads\/2016\/07\/gite-la-chatelaine-15-640x400.jpg\" alt=\"\" title=\"\" class=\"easingslider-image easingslider-lazy\" \/><\/div><div class=\"easingslider-slide\"><img src=\"https:\/\/youdig.fr\/wdp\/wp-content\/plugins\/easing-slider\/assets\/images\/placeholder-pixel.png\" data-src=\"https:\/\/youdig.fr\/wdp\/wp-content\/uploads\/2016\/07\/gite-la-chatelaine-16-640x400.jpg\" alt=\"\" title=\"\" class=\"easingslider-image easingslider-lazy\" \/><\/div><div class=\"easingslider-slide\"><img src=\"https:\/\/youdig.fr\/wdp\/wp-content\/plugins\/easing-slider\/assets\/images\/placeholder-pixel.png\" data-src=\"https:\/\/youdig.fr\/wdp\/wp-content\/uploads\/2016\/07\/gite-la-chatelaine-17-640x400.jpg\" alt=\"\" title=\"\" class=\"easingslider-image easingslider-lazy\" \/><\/div><div class=\"easingslider-slide\"><img src=\"https:\/\/youdig.fr\/wdp\/wp-content\/plugins\/easing-slider\/assets\/images\/placeholder-pixel.png\" data-src=\"https:\/\/youdig.fr\/wdp\/wp-content\/uploads\/2016\/07\/gite-la-chatelaine-18-640x400.jpg\" alt=\"\" title=\"\" class=\"easingslider-image easingslider-lazy\" \/><\/div><div class=\"easingslider-slide\"><img src=\"https:\/\/youdig.fr\/wdp\/wp-content\/plugins\/easing-slider\/assets\/images\/placeholder-pixel.png\" data-src=\"https:\/\/youdig.fr\/wdp\/wp-content\/uploads\/2016\/07\/gite-la-chatelaine-19-640x400.jpg\" alt=\"\" title=\"\" class=\"easingslider-image easingslider-lazy\" \/><\/div><div class=\"easingslider-slide\"><img src=\"https:\/\/youdig.fr\/wdp\/wp-content\/plugins\/easing-slider\/assets\/images\/placeholder-pixel.png\" data-src=\"https:\/\/youdig.fr\/wdp\/wp-content\/uploads\/2016\/07\/gite-la-chatelaine-20-640x400.jpg\" alt=\"\" title=\"\" class=\"easingslider-image easingslider-lazy\" \/><\/div><div class=\"easingslider-slide\"><img src=\"https:\/\/youdig.fr\/wdp\/wp-content\/plugins\/easing-slider\/assets\/images\/placeholder-pixel.png\" data-src=\"https:\/\/youdig.fr\/wdp\/wp-content\/uploads\/2016\/07\/gite-la-chatelaine-21-640x400.jpg\" alt=\"\" title=\"\" class=\"easingslider-image easingslider-lazy\" \/><\/div><div class=\"easingslider-slide\"><img src=\"https:\/\/youdig.fr\/wdp\/wp-content\/plugins\/easing-slider\/assets\/images\/placeholder-pixel.png\" data-src=\"https:\/\/youdig.fr\/wdp\/wp-content\/uploads\/2016\/07\/gite-la-chatelaine-1-640x400.jpg\" alt=\"\" title=\"\" class=\"easingslider-image easingslider-lazy\" \/><\/div><div class=\"easingslider-slide\"><img src=\"https:\/\/youdig.fr\/wdp\/wp-content\/plugins\/easing-slider\/assets\/images\/placeholder-pixel.png\" data-src=\"https:\/\/youdig.fr\/wdp\/wp-content\/uploads\/2016\/07\/gite-la-chatelaine-13-640x400.jpg\" alt=\"\" title=\"\" class=\"easingslider-image easingslider-lazy\" \/><\/div><\/div>\n\n\n\n<p>Renseignements <strong>0298996236<\/strong><\/p>\n\n\n\n<p><a href=\"https:\/\/youdig.fr\/wdp\/hebergements\/\"><strong>voir les autres g\u00eetes<\/strong><\/a><\/p>\n","protected":false},"excerpt":{"rendered":"<p>Un g\u00eete de caract\u00e8re dans le plus haut village de Bretagne, \u00e0 La Feuill\u00e9e, dans le petit hameau de Keranheroff, un g\u00eete class\u00e9 G\u00eetes de France \u00ab\u00a03\u00e9pis\u00a0\u00bb. Une demeure du XVI\u00e8me si\u00e8cle, enti\u00e8rement r\u00e9nov\u00e9e. Equip\u00e9e d&rsquo;une superbe cuisine Godin et d&rsquo;un po\u00eale \u00e0 bois, il dispose de 2 salles d&rsquo;eau\/WC.Pour 4 personnes. WIFI Renseignements 0298996236 voir les autres g\u00eetes<\/p>\n","protected":false},"author":1,"featured_media":0,"parent":50,"menu_order":0,"comment_status":"closed","ping_status":"closed","template":"","meta":[],"_links":{"self":[{"href":"https:\/\/youdig.fr\/wdp\/wp-json\/wp\/v2\/pages\/1968"}],"collection":[{"href":"https:\/\/youdig.fr\/wdp\/wp-json\/wp\/v2\/pages"}],"about":[{"href":"https:\/\/youdig.fr\/wdp\/wp-json\/wp\/v2\/types\/page"}],"author":[{"embeddable":true,"href":"https:\/\/youdig.fr\/wdp\/wp-json\/wp\/v2\/users\/1"}],"replies":[{"embeddable":true,"href":"https:\/\/youdig.fr\/wdp\/wp-json\/wp\/v2\/comments?post=1968"}],"version-history":[{"count":20,"href":"https:\/\/youdig.fr\/wdp\/wp-json\/wp\/v2\/pages\/1968\/revisions"}],"predecessor-version":[{"id":4242,"href":"https:\/\/youdig.fr\/wdp\/wp-json\/wp\/v2\/pages\/1968\/revisions\/4242"}],"up":[{"embeddable":true,"href":"https:\/\/youdig.fr\/wdp\/wp-json\/wp\/v2\/pages\/50"}],"wp:attachment":[{"href":"https:\/\/youdig.fr\/wdp\/wp-json\/wp\/v2\/media?parent=1968"}],"curies":[{"name":"wp","href":"https:\/\/api.w.org\/{rel}","templated":true}]}}