{"id":200,"date":"2016-07-11T09:29:49","date_gmt":"2016-07-11T08:29:49","guid":{"rendered":"https:\/\/youdig.fr\/wdp\/?page_id=200"},"modified":"2024-02-02T11:03:34","modified_gmt":"2024-02-02T10:03:34","slug":"initiation-a-la-radiesthesie","status":"publish","type":"page","link":"https:\/\/youdig.fr\/wdp\/animations\/les-stages\/initiation-a-la-radiesthesie\/","title":{"rendered":"Initiation \u00e0 la radiesth\u00e9sie"},"content":{"rendered":"\n<div class=\"wp-container-1 wp-block-group\"><div class=\"wp-block-group__inner-container\">\n<p><strong><span style=\"color: green;\">Stage d&rsquo;initiation \u00e0 la radiesth\u00e9sie sur un WE<\/span><\/strong><\/p>\n\n\n\n<p>Au cours de ce week-end, vous apprendrez \u00e0 utiliser le pendule et les baguettes de sourcier.<\/p>\n\n\n\n<p>La formation est \u00e0 la fois th\u00e9orique en salle, et pratique sur le terrain.<\/p>\n\n\n\n<p><strong>1.GEOBIOLOGIE<\/strong><\/p>\n<\/div><\/div>\n\n\n\n<ul><li>&#8211; D\u00e9tection du cours d&rsquo;eau souterrain (sens-profondeur)<\/li><li>&#8211; D\u00e9tection et neutralisation de faille<\/li><li>&#8211; Le r\u00e9seau HARTMANN &#8211; causes, cons\u00e9quences<\/li><li>&#8211; Le r\u00e9seau naturel ou PEYRE : d\u00e9tection, utilisation, mesure<\/li><li>&#8211; Ambiance d&rsquo;une maison, d&rsquo;un lieu &#8211; mesure (bovis)<\/li><li>&#8211; Le paranormal : d\u00e9tection, mesure, nettoyage<\/li><li>&#8211; R\u00e9alisation du check-up g\u00e9obiologique d&rsquo;une maison.<\/li><\/ul>\n\n\n\n<p><strong>2. LA RADIESTHESIE MEDICALE<\/strong><\/p>\n\n\n\n<ul><li>&#8211; Profil \u00e9nerg\u00e9tique d&rsquo;une personne.<\/li><li>&#8211; Notion d&rsquo;ancrage, de cosmique-tellurique, lunaire-solaire, les \u00e9nergies couleurs<\/li><li>&#8211; Pollutions psychiques : d\u00e9tection, mesure, nettoyage, protection<\/li><li>&#8211; Initiation \u00e0 la lithoth\u00e9rapie.<\/li><\/ul>\n\n\n\n<p><strong>3.LE LIEU SACRE<\/strong><\/p>\n\n\n\n<ul><li>&#8211; Son fonctionnement th\u00e9orique<\/li><li>&#8211; La triple enceinte<\/li><li>&#8211; Les portes \u00e9nerg\u00e9tiques<\/li><li>&#8211; Le gardien du lieu<\/li><li>&#8211; Ouverture \u00e9nerg\u00e9tique du lieu<\/li><li>&#8211; La prise d&rsquo;\u00e9nergie<\/li><li>&#8211; Exercice d&rsquo;approche en conscience d&rsquo;un menhir<\/li><\/ul>\n\n\n\n<p><strong>DATES<\/strong> (2024)<\/p>\n\n\n\n<ul><li>9 et 10 mars<\/li><li>6 et 7 avril<\/li><li>4 et 5 mai<\/li><li>7 et 8 septembre<\/li><li>7 et 8 d\u00e9cembre<\/li><\/ul>\n\n\n\n<p><strong>MODALITES<\/strong><\/p>\n\n\n\n<p>TARIF : 235 \u20ac, comprenant la formation, les documents et les 2 d\u00e9jeuners.<br>ARRHES : 60 \u20ac \u00e0 l&rsquo;inscription<br>Horaires : 9 heures &#8211; 18heures<br>Renseignements et r\u00e9servations :\u00a0<strong>02.98.99.62.36\u00a0<\/strong>(Auberge du Youdig) ou\u00a0<strong>06.66.27.13.32<\/strong>\u00a0(Ren\u00e9 JAOUEN, intervenant)<br><em>Note :\u00a0<a href=\"http:\/\/youdig.fr\/wdp\/hebergements\/chambres-dhote\/\">La chambre<\/a>\u00a0n&rsquo;est pas r\u00e9serv\u00e9e. Nous vous conseillons de retenir cette derni\u00e8re au moment de votre inscription.<\/em><\/p>\n\n\n\n<p>Formation compl\u00e9mentaire \u00e0 l&rsquo;initiation \u00e0 la radiesth\u00e9sie. Pour aller plus loin&#8230;<br><a href=\"http:\/\/youdig.fr\/wdp\/architecture-sacree-et-energie\/\">voir le programme<\/a><\/p>\n\n\n\n<p>R\u00e9seaux, Tellurique\/Cosmique, Paranormal, Taux vibratoire<br><a href=\"http:\/\/youdig.fr\/wdp\/geobiologie\/\">voir le programme<\/a><\/p>\n\n\n\n<p><strong><a href=\"https:\/\/youdig.fr\/contact\/inscription-stage\/\" data-type=\"URL\" data-id=\"https:\/\/youdig.fr\/contact\/inscription-stage\/\" target=\"_blank\" rel=\"noreferrer noopener\">S&rsquo;INSCRIRE<\/a><\/strong><\/p>\n","protected":false},"excerpt":{"rendered":"<p>Stage d&rsquo;initiation \u00e0 la radiesth\u00e9sie sur un WE Au cours de ce week-end, vous apprendrez \u00e0 utiliser le pendule et les baguettes de sourcier. La formation est \u00e0 la fois th\u00e9orique en salle, et pratique sur le terrain. 1.GEOBIOLOGIE &#8211; D\u00e9tection du cours d&rsquo;eau souterrain (sens-profondeur) &#8211; D\u00e9tection et neutralisation de faille &#8211; Le r\u00e9seau HARTMANN &#8211; causes, cons\u00e9quences &#8211;<\/p>\n","protected":false},"author":1,"featured_media":0,"parent":1181,"menu_order":0,"comment_status":"closed","ping_status":"closed","template":"","meta":[],"_links":{"self":[{"href":"https:\/\/youdig.fr\/wdp\/wp-json\/wp\/v2\/pages\/200"}],"collection":[{"href":"https:\/\/youdig.fr\/wdp\/wp-json\/wp\/v2\/pages"}],"about":[{"href":"https:\/\/youdig.fr\/wdp\/wp-json\/wp\/v2\/types\/page"}],"author":[{"embeddable":true,"href":"https:\/\/youdig.fr\/wdp\/wp-json\/wp\/v2\/users\/1"}],"replies":[{"embeddable":true,"href":"https:\/\/youdig.fr\/wdp\/wp-json\/wp\/v2\/comments?post=200"}],"version-history":[{"count":78,"href":"https:\/\/youdig.fr\/wdp\/wp-json\/wp\/v2\/pages\/200\/revisions"}],"predecessor-version":[{"id":5658,"href":"https:\/\/youdig.fr\/wdp\/wp-json\/wp\/v2\/pages\/200\/revisions\/5658"}],"up":[{"embeddable":true,"href":"https:\/\/youdig.fr\/wdp\/wp-json\/wp\/v2\/pages\/1181"}],"wp:attachment":[{"href":"https:\/\/youdig.fr\/wdp\/wp-json\/wp\/v2\/media?parent=200"}],"curies":[{"name":"wp","href":"https:\/\/api.w.org\/{rel}","templated":true}]}}