{"id":202,"date":"2016-07-11T09:30:52","date_gmt":"2016-07-11T08:30:52","guid":{"rendered":"https:\/\/youdig.fr\/wdp\/?page_id=202"},"modified":"2022-10-30T14:50:20","modified_gmt":"2022-10-30T13:50:20","slug":"les-passeurs-de-memoire","status":"publish","type":"page","link":"https:\/\/youdig.fr\/wdp\/en-plus\/les-passeurs-de-memoire\/","title":{"rendered":"Les passeurs de m\u00e9moire"},"content":{"rendered":"<p>Les soir\u00e9es contes se d\u00e9roulent sous forme de sc\u00e8nes ouvertes et s\u2019adressent \u00e0 tous les passionn\u00e9s de tradition orale, dans un esprit passeurs de m\u00e9moire<\/p>\n<p>PROCHAINES DATES 2016<\/p>\n<p>&#8211; tous les jeudis en Juillet et Ao\u00fbt<\/p>\n<p>renseignements-r\u00e9servations 02.98.99.62.36<br \/>\n[table id=16 \/]<\/p>\n","protected":false},"excerpt":{"rendered":"<p>Les soir\u00e9es contes se d\u00e9roulent sous forme de sc\u00e8nes ouvertes et s\u2019adressent \u00e0 tous les passionn\u00e9s de tradition orale, dans un esprit passeurs de m\u00e9moire PROCHAINES DATES 2016 &#8211; tous les jeudis en Juillet et Ao\u00fbt renseignements-r\u00e9servations 02.98.99.62.36 [table id=16 \/]<\/p>\n","protected":false},"author":1,"featured_media":0,"parent":1418,"menu_order":0,"comment_status":"closed","ping_status":"closed","template":"","meta":[],"_links":{"self":[{"href":"https:\/\/youdig.fr\/wdp\/wp-json\/wp\/v2\/pages\/202"}],"collection":[{"href":"https:\/\/youdig.fr\/wdp\/wp-json\/wp\/v2\/pages"}],"about":[{"href":"https:\/\/youdig.fr\/wdp\/wp-json\/wp\/v2\/types\/page"}],"author":[{"embeddable":true,"href":"https:\/\/youdig.fr\/wdp\/wp-json\/wp\/v2\/users\/1"}],"replies":[{"embeddable":true,"href":"https:\/\/youdig.fr\/wdp\/wp-json\/wp\/v2\/comments?post=202"}],"version-history":[{"count":3,"href":"https:\/\/youdig.fr\/wdp\/wp-json\/wp\/v2\/pages\/202\/revisions"}],"predecessor-version":[{"id":1157,"href":"https:\/\/youdig.fr\/wdp\/wp-json\/wp\/v2\/pages\/202\/revisions\/1157"}],"up":[{"embeddable":true,"href":"https:\/\/youdig.fr\/wdp\/wp-json\/wp\/v2\/pages\/1418"}],"wp:attachment":[{"href":"https:\/\/youdig.fr\/wdp\/wp-json\/wp\/v2\/media?parent=202"}],"curies":[{"name":"wp","href":"https:\/\/api.w.org\/{rel}","templated":true}]}}