{"id":204,"date":"2016-07-11T09:31:18","date_gmt":"2016-07-11T08:31:18","guid":{"rendered":"https:\/\/youdig.fr\/wdp\/?page_id=204"},"modified":"2022-11-08T15:59:23","modified_gmt":"2022-11-08T14:59:23","slug":"une-journee-au-youdig","status":"publish","type":"page","link":"https:\/\/youdig.fr\/wdp\/une-journee-au-youdig\/","title":{"rendered":"Une journ\u00e9e au Youdig"},"content":{"rendered":"\n<div class=\"wp-container-1 wp-block-group\"><div class=\"wp-block-group__inner-container\">\n<p><strong><em>Autocaristes, agences, groupes contactez-nous<\/em><\/strong><\/p>\n\n\n\n<figure class=\"wp-block-image size-full\"><a href=\"https:\/\/youdig.fr\/wdp\/wp-content\/uploads\/2022\/11\/journee-au-youdig-2.png\"><img loading=\"lazy\" width=\"746\" height=\"241\" src=\"https:\/\/youdig.fr\/wdp\/wp-content\/uploads\/2022\/11\/journee-au-youdig-2.png\" alt=\"\" class=\"wp-image-5045\" srcset=\"https:\/\/youdig.fr\/wdp\/wp-content\/uploads\/2022\/11\/journee-au-youdig-2.png 746w, https:\/\/youdig.fr\/wdp\/wp-content\/uploads\/2022\/11\/journee-au-youdig-2-300x97.png 300w\" sizes=\"(max-width: 746px) 100vw, 746px\" \/><\/a><\/figure>\n\n\n\n<figure class=\"wp-block-table\"><table><tbody><tr><td><strong><span class=\"has-inline-color has-vivid-green-cyan-color\">9h30<\/span><\/strong><\/td><td><\/td><td>Pot d&rsquo;accueil (Boisson chaude ou froide + petit g\u00e2teau)<br>Pr\u00e9sentation de la journ\u00e9e<\/td><\/tr><tr><td><strong><span class=\"has-inline-color has-vivid-green-cyan-color\">10h<\/span><\/strong><\/td><td><\/td><td>Arriv\u00e9e \u00e0 la maison du lac sur le site nucl\u00e9aire des Monts d&rsquo;Arr\u00e9e<br>Expos\u00e9 sur la centrale nucl\u00e9aire (sous r\u00e9serve du plan vigipirate)<br>Construction, Exploitation, D\u00e9construction<br>Expos\u00e9 sur l&rsquo;histoire du Yen Ellez<br>Histoire de ses mutations \u00e9nerg\u00e9tiques<br>Ses l\u00e9gendes (Seb, animateur du Youdig)<\/td><\/tr><tr><td><strong><span class=\"has-inline-color has-vivid-green-cyan-color\">12h<\/span><\/strong><\/td><td><\/td><td>Visite \u00e0 la s\u00e9pulture en \u00ab\u00a0V\u00a0\u00bb ou des korrigans<br>Commentaires sur ses r\u00e9actions au pendule<\/td><\/tr><tr><td><strong><span class=\"has-inline-color has-vivid-green-cyan-color\">12h30<\/span><\/strong><\/td><td><\/td><td>D\u00e9jeuner \u00e0 l&rsquo;auberge du Youdig<br>Plantureux Kig Ha Farz ou autre formule de votre choix suivi d&rsquo;une d\u00e9monstration de gavotte \u00ab\u00a0Gwen et Seb\u00a0\u00bb<\/td><\/tr><tr><td><strong><span class=\"has-inline-color has-vivid-green-cyan-color\">15h<\/span><\/strong><\/td><td><\/td><td>Visite comment\u00e9e de l&rsquo;Expo du Youdig<br>Art, \u00e9motion, gouaille, tradition&#8230; une bouff\u00e9e d&rsquo;authenticit\u00e9<\/td><\/tr><tr><td><strong><span class=\"has-inline-color has-vivid-green-cyan-color\">16h15<\/span><\/strong><\/td><td><\/td><td>Visite guid\u00e9e du Mont Saint Michel de Brasparts : point de vue et l\u00e9gende<\/td><\/tr><tr><td><strong><span class=\"has-inline-color has-vivid-green-cyan-color\">17h30<\/span><\/strong><\/td><td><\/td><td>Visite comment\u00e9e de la Chapelle Saint Herbot et ses l\u00e9gendes (Patron des b\u00eates \u00e0 corne)<\/td><\/tr><tr><td><strong><span class=\"has-inline-color has-vivid-green-cyan-color\">18h30<\/span><\/strong><\/td><td><\/td><td>Retour au Youdig et d\u00e9part<\/td><\/tr><\/tbody><\/table><\/figure>\n<\/div><\/div>\n\n\n\n<p><\/p>\n","protected":false},"excerpt":{"rendered":"<p>Autocaristes, agences, groupes contactez-nous 9h30 Pot d&rsquo;accueil (Boisson chaude ou froide + petit g\u00e2teau)Pr\u00e9sentation de la journ\u00e9e 10h Arriv\u00e9e \u00e0 la maison du lac sur le site nucl\u00e9aire des Monts d&rsquo;Arr\u00e9eExpos\u00e9 sur la centrale nucl\u00e9aire (sous r\u00e9serve du plan vigipirate)Construction, Exploitation, D\u00e9constructionExpos\u00e9 sur l&rsquo;histoire du Yen EllezHistoire de ses mutations \u00e9nerg\u00e9tiquesSes l\u00e9gendes (Seb, animateur du Youdig) 12h Visite \u00e0 la<\/p>\n","protected":false},"author":1,"featured_media":0,"parent":0,"menu_order":0,"comment_status":"closed","ping_status":"closed","template":"","meta":[],"_links":{"self":[{"href":"https:\/\/youdig.fr\/wdp\/wp-json\/wp\/v2\/pages\/204"}],"collection":[{"href":"https:\/\/youdig.fr\/wdp\/wp-json\/wp\/v2\/pages"}],"about":[{"href":"https:\/\/youdig.fr\/wdp\/wp-json\/wp\/v2\/types\/page"}],"author":[{"embeddable":true,"href":"https:\/\/youdig.fr\/wdp\/wp-json\/wp\/v2\/users\/1"}],"replies":[{"embeddable":true,"href":"https:\/\/youdig.fr\/wdp\/wp-json\/wp\/v2\/comments?post=204"}],"version-history":[{"count":20,"href":"https:\/\/youdig.fr\/wdp\/wp-json\/wp\/v2\/pages\/204\/revisions"}],"predecessor-version":[{"id":5053,"href":"https:\/\/youdig.fr\/wdp\/wp-json\/wp\/v2\/pages\/204\/revisions\/5053"}],"wp:attachment":[{"href":"https:\/\/youdig.fr\/wdp\/wp-json\/wp\/v2\/media?parent=204"}],"curies":[{"name":"wp","href":"https:\/\/api.w.org\/{rel}","templated":true}]}}