{"id":211,"date":"2016-07-11T09:39:47","date_gmt":"2016-07-11T08:39:47","guid":{"rendered":"https:\/\/youdig.fr\/wdp\/?page_id=211"},"modified":"2022-10-24T07:53:55","modified_gmt":"2022-10-24T06:53:55","slug":"mentions-legales","status":"publish","type":"page","link":"https:\/\/youdig.fr\/wdp\/mentions-legales\/","title":{"rendered":"Mentions l\u00e9gales"},"content":{"rendered":"\n<div class=\"wp-container-4 wp-block-group\"><div class=\"wp-block-group__inner-container\">\n<div class=\"wp-container-3 wp-block-group\"><div class=\"wp-block-group__inner-container\">\n<div class=\"wp-container-2 wp-block-group\"><div class=\"wp-block-group__inner-container\">\n<div class=\"wp-container-1 wp-block-group\"><div class=\"wp-block-group__inner-container\">\n<p><strong>Editeur et Propri\u00e9taire<\/strong><br>sas du Youdig &#8211; Kerveguenet &#8211; 29690 &#8211; Brennilis &#8211; Bretagne &#8211; France.<br>siret 378 994 487 00015 &#8211; T\u00e9l (33 0)2 98 99 62 36<\/p>\n\n\n\n<p><strong>Cr\u00e9dit Photos<\/strong><br>sas du Youdig<\/p>\n\n\n\n<p><strong>H\u00e9bergement<\/strong><br>sas OVH<br>59100 Roubaix &#8211; France.<br>siret 424 761 419 00045 &#8211; T\u00e9l : (33 0)9 72 37 97 74<\/p>\n<\/div><\/div>\n<\/div><\/div>\n<\/div><\/div>\n<\/div><\/div>\n","protected":false},"excerpt":{"rendered":"<p>Editeur et Propri\u00e9tairesas du Youdig &#8211; Kerveguenet &#8211; 29690 &#8211; Brennilis &#8211; Bretagne &#8211; France.siret 378 994 487 00015 &#8211; T\u00e9l (33 0)2 98 99 62 36 Cr\u00e9dit Photossas du Youdig H\u00e9bergementsas OVH59100 Roubaix &#8211; France.siret 424 761 419 00045 &#8211; T\u00e9l : (33 0)9 72 37 97 74<\/p>\n","protected":false},"author":1,"featured_media":0,"parent":0,"menu_order":0,"comment_status":"closed","ping_status":"closed","template":"","meta":[],"_links":{"self":[{"href":"https:\/\/youdig.fr\/wdp\/wp-json\/wp\/v2\/pages\/211"}],"collection":[{"href":"https:\/\/youdig.fr\/wdp\/wp-json\/wp\/v2\/pages"}],"about":[{"href":"https:\/\/youdig.fr\/wdp\/wp-json\/wp\/v2\/types\/page"}],"author":[{"embeddable":true,"href":"https:\/\/youdig.fr\/wdp\/wp-json\/wp\/v2\/users\/1"}],"replies":[{"embeddable":true,"href":"https:\/\/youdig.fr\/wdp\/wp-json\/wp\/v2\/comments?post=211"}],"version-history":[{"count":38,"href":"https:\/\/youdig.fr\/wdp\/wp-json\/wp\/v2\/pages\/211\/revisions"}],"predecessor-version":[{"id":4314,"href":"https:\/\/youdig.fr\/wdp\/wp-json\/wp\/v2\/pages\/211\/revisions\/4314"}],"wp:attachment":[{"href":"https:\/\/youdig.fr\/wdp\/wp-json\/wp\/v2\/media?parent=211"}],"curies":[{"name":"wp","href":"https:\/\/api.w.org\/{rel}","templated":true}]}}