{"id":289,"date":"2016-07-11T16:58:59","date_gmt":"2016-07-11T15:58:59","guid":{"rendered":"https:\/\/youdig.fr\/wdp\/?page_id=289"},"modified":"2024-02-02T11:05:38","modified_gmt":"2024-02-02T10:05:38","slug":"architecture-sacree-et-energie","status":"publish","type":"page","link":"https:\/\/youdig.fr\/wdp\/animations\/les-stages\/architecture-sacree-et-energie\/","title":{"rendered":"Architecture sacr\u00e9e et \u00e9nergie"},"content":{"rendered":"\n<div class=\"wp-container-1 wp-block-group\"><div class=\"wp-block-group__inner-container\">\n<p>Au cours de ce week-end, nous \u00e9tudierons le fonctionnement des constructions sacr\u00e9es : fontaines, \u00e9glises, chapelles. La formation d\u00e9butera par une analyse concr\u00e8te des \u00e9l\u00e9ments composant ces lieux puis par une approche \u00e9nerg\u00e9tique de leur fonctionnement.<\/p>\n\n\n\n<p><strong>Samedi matin<\/strong> (en salle)<\/p>\n\n\n\n<p><\/p>\n<\/div><\/div>\n\n\n\n<p>&#8211; Explication sur la constitution occulte de l&rsquo;homme<br>&#8211; La migration des \u00e2mes<br>&#8211; Les couleurs de B\u00e9lizal<br>&#8211; Fonctionnement th\u00e9orique des constructions sacr\u00e9es ; d\u00e9dicace, pierre de seuil, vitraux, pierre de d\u00e9charge, mains \u00e9th\u00e9riques&#8230;<br>&#8211; Les diff\u00e9rentes approches d&rsquo;un lieu : th\u00e9orique, energ\u00e9tico-physiques, arch\u00e9tipale et globale<\/p>\n\n\n\n<p><strong>Samedi apr\u00e8s-midi<\/strong> (sur site)<\/p>\n\n\n\n<p>&#8211; Etude sur site de deux fontaines, un calvaire, l&rsquo;\u00e9glise de Brennilis : int\u00e9rieur et ext\u00e9rieur, une all\u00e9e couverte<\/p>\n\n\n\n<p><strong>Dimanche matin<\/strong> (en salle)<\/p>\n\n\n\n<p>&#8211; Etude des diff\u00e9rentes pollutions psychiques : notion d&rsquo;infiltration, possession<br>&#8211; M\u00e9thode de nettoyage avec le coeur<br>&#8211; Les diff\u00e9rentes techniques de protection<\/p>\n\n\n\n<p><strong>Dimanche apr\u00e8s-midi<\/strong> (sur site)<\/p>\n\n\n\n<p>-L&rsquo;\u00e9glise de Saint Herbot : int\u00e9rieur et ext\u00e9rieur<br>&#8211; Le site naturel du Camp d&rsquo;Artus \u00e0 Huelgoat<\/p>\n\n\n\n<p><strong>DATES<\/strong> (2024)<\/p>\n\n\n\n<p>&#8211; 8 et 9 Juin<\/p>\n\n\n\n<p><strong>MODALITES<\/strong><\/p>\n\n\n\n<p>LIEU : AUBERGE DU YOUDIG BRENNILIS<br><br>TARIF : 235 \u20ac comprenant la formation et 2 d\u00e9jeuners<br>60 \u20ac d\u2019arrhes \u00e0 l\u2019inscription<\/p>\n\n\n\n<p>HORAIRES : 9 heures &#8211; 18 heures<br>Renseignements et r\u00e9servation<br>T\u00e9l :\u00a0<strong>02 98 99 62 36<\/strong>\u00a0(auberge du Youdig)<br>ou<br><strong>06 66 27 13 32<\/strong>\u00a0(Ren\u00e9 JAOUEN, intervenant)<br><em>Note : La chambre n&rsquo;est pas r\u00e9serv\u00e9e. Nous vous conseillons de retenir cette derni\u00e8re au moment de votre inscription<\/em><\/p>\n\n\n\n<p><strong>AUTRES STAGES<\/strong><\/p>\n\n\n\n<ul><li><a href=\"https:\/\/youdig.fr\/wdp\/animations\/les-stages\/initiation-a-la-radiesthesie\/\">Initiation \u00e0 la radiesth\u00e9sie<\/a><\/li><li><a href=\"https:\/\/youdig.fr\/wdp\/geobiologie\/\">G\u00e9obiologie<\/a> <em>(R\u00e9seaux telluriques\/cosmiques, paranormal, taux vibratoire)<\/em><\/li><\/ul>\n\n\n\n<p><strong><a href=\"https:\/\/youdig.fr\/contact\/inscription-stage\/\" target=\"_blank\" rel=\"noreferrer noopener\">S&rsquo;INSCRIRE<\/a><\/strong><\/p>\n","protected":false},"excerpt":{"rendered":"<p>Au cours de ce week-end, nous \u00e9tudierons le fonctionnement des constructions sacr\u00e9es : fontaines, \u00e9glises, chapelles. La formation d\u00e9butera par une analyse concr\u00e8te des \u00e9l\u00e9ments composant ces lieux puis par une approche \u00e9nerg\u00e9tique de leur fonctionnement. Samedi matin (en salle) &#8211; Explication sur la constitution occulte de l&rsquo;homme&#8211; La migration des \u00e2mes&#8211; Les couleurs de B\u00e9lizal&#8211; Fonctionnement th\u00e9orique des constructions<\/p>\n","protected":false},"author":1,"featured_media":0,"parent":1181,"menu_order":0,"comment_status":"closed","ping_status":"closed","template":"","meta":[],"_links":{"self":[{"href":"https:\/\/youdig.fr\/wdp\/wp-json\/wp\/v2\/pages\/289"}],"collection":[{"href":"https:\/\/youdig.fr\/wdp\/wp-json\/wp\/v2\/pages"}],"about":[{"href":"https:\/\/youdig.fr\/wdp\/wp-json\/wp\/v2\/types\/page"}],"author":[{"embeddable":true,"href":"https:\/\/youdig.fr\/wdp\/wp-json\/wp\/v2\/users\/1"}],"replies":[{"embeddable":true,"href":"https:\/\/youdig.fr\/wdp\/wp-json\/wp\/v2\/comments?post=289"}],"version-history":[{"count":43,"href":"https:\/\/youdig.fr\/wdp\/wp-json\/wp\/v2\/pages\/289\/revisions"}],"predecessor-version":[{"id":5659,"href":"https:\/\/youdig.fr\/wdp\/wp-json\/wp\/v2\/pages\/289\/revisions\/5659"}],"up":[{"embeddable":true,"href":"https:\/\/youdig.fr\/wdp\/wp-json\/wp\/v2\/pages\/1181"}],"wp:attachment":[{"href":"https:\/\/youdig.fr\/wdp\/wp-json\/wp\/v2\/media?parent=289"}],"curies":[{"name":"wp","href":"https:\/\/api.w.org\/{rel}","templated":true}]}}