{"id":3080,"date":"2019-10-01T15:57:01","date_gmt":"2019-10-01T14:57:01","guid":{"rendered":"https:\/\/youdig.fr\/wdp\/?page_id=3080"},"modified":"2023-12-10T15:58:24","modified_gmt":"2023-12-10T14:58:24","slug":"geobiologie","status":"publish","type":"page","link":"https:\/\/youdig.fr\/wdp\/animations\/les-stages\/geobiologie\/","title":{"rendered":"G\u00e9obiologie"},"content":{"rendered":"\n<div class=\"wp-container-1 wp-block-group\"><div class=\"wp-block-group__inner-container\">\n<p><b><span style=\"color: green;\">Un week-end pour d\u00e9couvrir la g\u00e9obiologie et ses propri\u00e9t\u00e9s.<\/span><\/b><\/p>\n\n\n\n<p><font color=\"green\"><strong>SAMEDI<\/strong><\/font><\/p>\n\n\n\n<ul><li><strong>Les r\u00e9seaux<\/strong> : Notion de rang &#8211; D\u00e9tection &#8211; Activation<\/li><li><strong>Tellurique et cosmique<\/strong> : Mesure &#8211; Correction, sur un lieu, sur plan<\/li><li><strong>Le temps<\/strong> : Mesure<\/li><\/ul>\n\n\n\n<p><\/p>\n<\/div><\/div>\n\n\n\n<p><\/p>\n\n\n\n<p><strong><font color=\"green\">DIMANCHE<\/font><\/strong><\/p>\n\n\n\n<ul><li><strong>Paranormal<\/strong> : Principe g\u00e9n\u00e9raux &#8211; Mesure &#8211; Nettoyage &#8211; Protection<\/li><li><strong>Taux vibratoire<\/strong> : Limites<\/li><li><strong>Pollutions \u00e9lectriques et \u00e9lectromagn\u00e9tiques<\/strong><\/li><li><strong>Hautes fr\u00e9quences<\/strong><\/li><\/ul>\n\n\n\n<p><\/p>\n\n\n\n<p><\/p>\n\n\n\n<p><\/p>\n\n\n\n<p><strong><font color=\"green\">DATES<\/font><\/strong> (2024)<\/p>\n\n\n\n<ul><li>28 et 29 septembre 2024<\/li><\/ul>\n\n\n\n<p><strong><font color=\"green\">MODALITES<\/font><\/strong><\/p>\n\n\n\n<p>LIEU : AUBERGE DU YOUDIG BRENNILIS<br><br>TARIF : 235 \u20ac comprenant la formation et 2 d\u00e9jeuners<br>60 \u20ac d\u2019arrhes \u00e0 l\u2019inscription<\/p>\n\n\n\n<p><br>HORAIRES : 9 h &#8211; 18 h<br>Renseignements et r\u00e9servation<br>T\u00e9l :&nbsp;<strong>02 98 99 62 36<\/strong>&nbsp;(auberge du Youdig)<br>ou<br><strong>06 66 27 13 32<\/strong>&nbsp;(Ren\u00e9 JAOUEN, intervenant)<\/p>\n\n\n\n<p><br><em>Note : La chambre n&rsquo;est pas r\u00e9serv\u00e9e. Nous vous conseillons de retenir cette derni\u00e8re au moment de votre inscriptio<\/em>n<\/p>\n\n\n\n<p><em>Merci de nous contacter au 0298996236<\/em><\/p>\n\n\n\n<p><strong><a href=\"https:\/\/youdig.fr\/contact\/inscription-stage\/\" target=\"_blank\" rel=\"noreferrer noopener\">S&rsquo;INSCRIRE<\/a><\/strong><\/p>\n\n\n\n<p><strong>Autres stages<\/strong><\/p>\n\n\n\n<p><strong><a href=\"https:\/\/youdig.fr\/wdp\/animations\/les-stages\/initiation-a-la-radiesthesie\/\">Initiation \u00e0 la radiesth\u00e9sie<\/a><\/strong><\/p>\n\n\n\n<p><strong><a href=\"https:\/\/youdig.fr\/wdp\/architecture-sacree-et-energie\/\">Architecture sacr\u00e9e et \u00e9nergie<\/a><\/strong> <em>(formation compl\u00e9mentaire \u00e0 l&rsquo;initiation \u00e0 la radiesth\u00e9sie)<\/em><\/p>\n","protected":false},"excerpt":{"rendered":"<p>Un week-end pour d\u00e9couvrir la g\u00e9obiologie et ses propri\u00e9t\u00e9s. SAMEDI Les r\u00e9seaux : Notion de rang &#8211; D\u00e9tection &#8211; Activation Tellurique et cosmique : Mesure &#8211; Correction, sur un lieu, sur plan Le temps : Mesure DIMANCHE Paranormal : Principe g\u00e9n\u00e9raux &#8211; Mesure &#8211; Nettoyage &#8211; Protection Taux vibratoire : Limites Pollutions \u00e9lectriques et \u00e9lectromagn\u00e9tiques Hautes fr\u00e9quences DATES (2024) 28<\/p>\n","protected":false},"author":1,"featured_media":0,"parent":1181,"menu_order":0,"comment_status":"closed","ping_status":"closed","template":"","meta":[],"_links":{"self":[{"href":"https:\/\/youdig.fr\/wdp\/wp-json\/wp\/v2\/pages\/3080"}],"collection":[{"href":"https:\/\/youdig.fr\/wdp\/wp-json\/wp\/v2\/pages"}],"about":[{"href":"https:\/\/youdig.fr\/wdp\/wp-json\/wp\/v2\/types\/page"}],"author":[{"embeddable":true,"href":"https:\/\/youdig.fr\/wdp\/wp-json\/wp\/v2\/users\/1"}],"replies":[{"embeddable":true,"href":"https:\/\/youdig.fr\/wdp\/wp-json\/wp\/v2\/comments?post=3080"}],"version-history":[{"count":58,"href":"https:\/\/youdig.fr\/wdp\/wp-json\/wp\/v2\/pages\/3080\/revisions"}],"predecessor-version":[{"id":5618,"href":"https:\/\/youdig.fr\/wdp\/wp-json\/wp\/v2\/pages\/3080\/revisions\/5618"}],"up":[{"embeddable":true,"href":"https:\/\/youdig.fr\/wdp\/wp-json\/wp\/v2\/pages\/1181"}],"wp:attachment":[{"href":"https:\/\/youdig.fr\/wdp\/wp-json\/wp\/v2\/media?parent=3080"}],"curies":[{"name":"wp","href":"https:\/\/api.w.org\/{rel}","templated":true}]}}