{"id":409,"date":"2016-07-12T11:22:52","date_gmt":"2016-07-12T10:22:52","guid":{"rendered":"https:\/\/youdig.fr\/wdp\/?page_id=409"},"modified":"2022-10-24T08:33:01","modified_gmt":"2022-10-24T07:33:01","slug":"qui-sommes-nous","status":"publish","type":"page","link":"https:\/\/youdig.fr\/wdp\/qui-sommes-nous\/","title":{"rendered":"Qui sommes nous?"},"content":{"rendered":"\n<div class=\"wp-container-7 wp-block-group\"><div class=\"wp-block-group__inner-container\">\n<div class=\"wp-container-6 wp-block-group\"><div class=\"wp-block-group__inner-container\">\n<div class=\"wp-container-5 wp-block-group\"><div class=\"wp-block-group__inner-container\">\n<div class=\"wp-container-4 wp-block-group\"><div class=\"wp-block-group__inner-container\">\n<div class=\"wp-container-3 wp-block-group\"><div class=\"wp-block-group__inner-container\">\n<div class=\"wp-container-2 wp-block-group\"><div class=\"wp-block-group__inner-container\">\n<div class=\"wp-container-1 wp-block-group\"><div class=\"wp-block-group__inner-container\">\n<p><strong>Restauration auberge du terroir<\/strong><br>R\u00e9f\u00e9rencement :<\/p>\n\n\n\n<ul><li>Gault et Millaut<\/li><li>Guide du Routard<\/li><li>Guide Gallimard<\/li><\/ul>\n\n\n\n<p><strong>Menu Touristique cuisine du Terroir<\/strong><\/p>\n\n\n\n<ul><li>Kig ha Farz et sp\u00e9cialit\u00e9s bretonnes<\/li><li>Cr\u00eaperie et cr\u00eapes korrigans<\/li><\/ul>\n\n\n\n<p><strong>H\u00e9bergements<\/strong><\/p>\n\n\n\n<ul><li>4 chambres d\u2019h\u00f4tes<\/li><li>1 g\u00eete d\u2019\u00e9tape 15 personnes<\/li><li>2 lofts de 2 personnes<\/li><li>5 g\u00eetes ruraux de 2 \u00e0 6 personnes<\/li><li>1 g\u00eete de p\u00eache au bord du lac de 4 \u00e0 6 personnes<\/li><li><strong>Tous les h\u00e9bergements sont labellis\u00e9s \u00ab\u00a0G\u00eetes de France\u00a0\u00bb<\/strong><\/li><\/ul>\n\n\n\n<p><strong>Animations \u2013 Accueil<\/strong><\/p>\n\n\n\n<ul><li>Visite du mus\u00e9e tous les apr\u00e8s-midi, et le matin sur r\u00e9servation<\/li><li>Visite en Journ\u00e9e d\u00e9couverte (voir programme)<\/li><li>Week-end \u00e0 th\u00e8mes (voir programme)<\/li><li>Soir\u00e9es contes et L\u00e9gendes\u00b7<br>Sur r\u00e9servation, se renseigner sur les dates<\/li><\/ul>\n\n\n\n<p><em>Les soir\u00e9es contes se d\u00e9roulent sous forme de sc\u00e8nes ouvertes et<br>s\u2019adressent \u00e0 tous les passionn\u00e9s de tradition orale, dans un esprit passeurs de m\u00e9moire.<\/em><\/p>\n\n\n\n<ul><li>Randonn\u00e9 d\u2019interpr\u00e9tation le dimanche matin<\/li><li>Accueil Camping-car homologu\u00e9 Comit\u00e9 R\u00e9gional et D\u00e9partemental du Tourisme<\/li><li>Accueil Cavaliers soir\u00e9e \u00e9tape<\/li><li>H\u00e9bergement paddock<\/li><\/ul>\n\n\n\n<p><strong>Tourisme P\u00eache avec le partenariat du Comit\u00e9 D\u00e9partemental du Tourisme et de la F\u00e9d\u00e9ration P\u00eache.<\/strong><\/p>\n\n\n\n<p>&#8211; P\u00eache dans le lac de Brennilis<br>&#8211; H\u00e9bergements labellis\u00e9s g\u00eetes de p\u00eache<br>&#8211; Vente de Permis et Permis sp\u00e9cial Journ\u00e9e Vacances<br>&#8211; Location de Barques, vifs, mat\u00e9riels de p\u00eaches<br>&#8211; Conseils, guide de p\u00eache<\/p>\n\n\n\n<p><strong>S\u00e9minaires et Stages<\/strong><\/p>\n\n\n\n<p><strong>S\u00e9minaires et Stages<\/strong><\/p>\n\n\n\n<ul><li>Radiesth\u00e9sie<\/li><li>Architecture sacr\u00e9e<\/li><li>Biologie<\/li><li>Respiration<\/li><li>Cristaux<\/li><li>Elixir Floraux<\/li><li>Art Roman<\/li><\/ul>\n\n\n\n<p><\/p>\n\n\n\n<p>Se renseigner \u00e0 l&rsquo;auberge <strong>0298996236<\/strong><\/p>\n<\/div><\/div>\n<\/div><\/div>\n<\/div><\/div>\n<\/div><\/div>\n<\/div><\/div>\n<\/div><\/div>\n<\/div><\/div>\n\n\n\n<p><\/p>\n","protected":false},"excerpt":{"rendered":"<p>Restauration auberge du terroirR\u00e9f\u00e9rencement : Gault et Millaut Guide du Routard Guide Gallimard Menu Touristique cuisine du Terroir Kig ha Farz et sp\u00e9cialit\u00e9s bretonnes Cr\u00eaperie et cr\u00eapes korrigans H\u00e9bergements 4 chambres d\u2019h\u00f4tes 1 g\u00eete d\u2019\u00e9tape 15 personnes 2 lofts de 2 personnes 5 g\u00eetes ruraux de 2 \u00e0 6 personnes 1 g\u00eete de p\u00eache au bord du lac de 4<\/p>\n","protected":false},"author":1,"featured_media":0,"parent":0,"menu_order":0,"comment_status":"closed","ping_status":"closed","template":"","meta":[],"_links":{"self":[{"href":"https:\/\/youdig.fr\/wdp\/wp-json\/wp\/v2\/pages\/409"}],"collection":[{"href":"https:\/\/youdig.fr\/wdp\/wp-json\/wp\/v2\/pages"}],"about":[{"href":"https:\/\/youdig.fr\/wdp\/wp-json\/wp\/v2\/types\/page"}],"author":[{"embeddable":true,"href":"https:\/\/youdig.fr\/wdp\/wp-json\/wp\/v2\/users\/1"}],"replies":[{"embeddable":true,"href":"https:\/\/youdig.fr\/wdp\/wp-json\/wp\/v2\/comments?post=409"}],"version-history":[{"count":21,"href":"https:\/\/youdig.fr\/wdp\/wp-json\/wp\/v2\/pages\/409\/revisions"}],"predecessor-version":[{"id":4320,"href":"https:\/\/youdig.fr\/wdp\/wp-json\/wp\/v2\/pages\/409\/revisions\/4320"}],"wp:attachment":[{"href":"https:\/\/youdig.fr\/wdp\/wp-json\/wp\/v2\/media?parent=409"}],"curies":[{"name":"wp","href":"https:\/\/api.w.org\/{rel}","templated":true}]}}