{"id":4199,"date":"2022-10-23T17:00:36","date_gmt":"2022-10-23T16:00:36","guid":{"rendered":"https:\/\/youdig.fr\/wdp\/?page_id=4199"},"modified":"2022-11-06T15:09:10","modified_gmt":"2022-11-06T14:09:10","slug":"les-iris","status":"publish","type":"page","link":"https:\/\/youdig.fr\/wdp\/hebergements\/gites-de-caractere\/les-iris\/","title":{"rendered":"Le loft Les iris"},"content":{"rendered":"\n<p>Un loft de 29 m2 tout \u00e9quip\u00e9 dans une ancienne demeure d&rsquo;Hospitaliers, \u00e0 La Feuill\u00e9, le plus haut village de Bretagne, au c\u0153ur des monts d&rsquo;arree.<\/p>\n\n\n\n<p>Pour 2 personnes<\/p>\n\n\n\n<p><style type=\"text\/css\">.easingslider-4215 { max-width: 640px; }.easingslider-4215 .easingslider-image { max-height: 400px; max-width: 640px; }.easingslider-4215 .easingslider-fade-in, .easingslider-fade-out { -webkit-animation-duration: 400ms; -moz-animation-duration: 400ms; animation-duration: 400ms; }<\/style><script type=\"text\/javascript\">window.EasingSlider4215 = {\"width\":640,\"height\":400,\"singleItem\":true,\"items\":1,\"itemsDesktop\":false,\"itemsDesktopSmall\":false,\"itemsTablet\":false,\"itemsTabletSmall\":false,\"itemsMobile\":false,\"responsive\":true,\"lazyLoad\":true,\"autoPlay\":4000,\"slideSpeed\":400,\"navigation\":true,\"navigationText\":[\"\",\"\"],\"pagination\":true,\"autoHeight\":false,\"mouseDrag\":false,\"touchDrag\":false,\"addClassActive\":true,\"transitionStyle\":\"fade\"};<\/script><div data-id=\"4215\" class=\"easingslider easingslider-4215 easingslider-container easingslider-resizing-enabled easingslider-aspect-ratio easingslider-arrows-inside easingslider-pagination-inside easingslider-pagination-bottom-center\"><div class=\"easingslider-slide\"><img src=\"https:\/\/youdig.fr\/wdp\/wp-content\/plugins\/easing-slider\/assets\/images\/placeholder-pixel.png\" data-src=\"https:\/\/youdig.fr\/wdp\/wp-content\/uploads\/2022\/10\/LES-IRIS-1-1-640x400.jpg\" alt=\"\" title=\"\" class=\"easingslider-image easingslider-lazy\" \/><\/div><div class=\"easingslider-slide\"><img src=\"https:\/\/youdig.fr\/wdp\/wp-content\/plugins\/easing-slider\/assets\/images\/placeholder-pixel.png\" data-src=\"https:\/\/youdig.fr\/wdp\/wp-content\/uploads\/2022\/10\/LES-IRIS-2-640x400.jpg\" alt=\"\" title=\"\" class=\"easingslider-image easingslider-lazy\" \/><\/div><div class=\"easingslider-slide\"><img src=\"https:\/\/youdig.fr\/wdp\/wp-content\/plugins\/easing-slider\/assets\/images\/placeholder-pixel.png\" data-src=\"https:\/\/youdig.fr\/wdp\/wp-content\/uploads\/2022\/10\/LES-IRIS-3-640x400.jpg\" alt=\"\" title=\"\" class=\"easingslider-image easingslider-lazy\" \/><\/div><div class=\"easingslider-slide\"><img src=\"https:\/\/youdig.fr\/wdp\/wp-content\/plugins\/easing-slider\/assets\/images\/placeholder-pixel.png\" data-src=\"https:\/\/youdig.fr\/wdp\/wp-content\/uploads\/2022\/10\/LES-IRIS-4-640x400.jpg\" alt=\"\" title=\"\" class=\"easingslider-image easingslider-lazy\" \/><\/div><div class=\"easingslider-slide\"><img src=\"https:\/\/youdig.fr\/wdp\/wp-content\/plugins\/easing-slider\/assets\/images\/placeholder-pixel.png\" data-src=\"https:\/\/youdig.fr\/wdp\/wp-content\/uploads\/2022\/10\/LES-IRIS-5-640x400.jpg\" alt=\"\" title=\"\" class=\"easingslider-image easingslider-lazy\" \/><\/div><div class=\"easingslider-slide\"><img src=\"https:\/\/youdig.fr\/wdp\/wp-content\/plugins\/easing-slider\/assets\/images\/placeholder-pixel.png\" data-src=\"https:\/\/youdig.fr\/wdp\/wp-content\/uploads\/2022\/10\/LES-IRIS-6-640x400.jpg\" alt=\"\" title=\"\" class=\"easingslider-image easingslider-lazy\" \/><\/div><div class=\"easingslider-slide\"><img src=\"https:\/\/youdig.fr\/wdp\/wp-content\/plugins\/easing-slider\/assets\/images\/placeholder-pixel.png\" data-src=\"https:\/\/youdig.fr\/wdp\/wp-content\/uploads\/2022\/10\/LES-IRIS-7-640x400.jpg\" alt=\"\" title=\"\" class=\"easingslider-image easingslider-lazy\" \/><\/div><div class=\"easingslider-slide\"><img src=\"https:\/\/youdig.fr\/wdp\/wp-content\/plugins\/easing-slider\/assets\/images\/placeholder-pixel.png\" data-src=\"https:\/\/youdig.fr\/wdp\/wp-content\/uploads\/2022\/10\/LES-IRIS-8-640x400.jpg\" alt=\"\" title=\"\" class=\"easingslider-image easingslider-lazy\" \/><\/div><\/div><br><em>photos G\u00eetes de France<\/em><\/p>\n\n\n\n<p>Renseignements : <strong>0298996236<\/strong><\/p>\n\n\n\n<p><a href=\"https:\/\/youdig.fr\/wdp\/hebergements\/\"><strong>voir les autres g\u00eetes<\/strong><\/a><\/p>\n","protected":false},"excerpt":{"rendered":"<p>Un loft de 29 m2 tout \u00e9quip\u00e9 dans une ancienne demeure d&rsquo;Hospitaliers, \u00e0 La Feuill\u00e9, le plus haut village de Bretagne, au c\u0153ur des monts d&rsquo;arree. Pour 2 personnes photos G\u00eetes de France Renseignements : 0298996236 voir les autres g\u00eetes<\/p>\n","protected":false},"author":1,"featured_media":0,"parent":50,"menu_order":0,"comment_status":"closed","ping_status":"closed","template":"","meta":[],"_links":{"self":[{"href":"https:\/\/youdig.fr\/wdp\/wp-json\/wp\/v2\/pages\/4199"}],"collection":[{"href":"https:\/\/youdig.fr\/wdp\/wp-json\/wp\/v2\/pages"}],"about":[{"href":"https:\/\/youdig.fr\/wdp\/wp-json\/wp\/v2\/types\/page"}],"author":[{"embeddable":true,"href":"https:\/\/youdig.fr\/wdp\/wp-json\/wp\/v2\/users\/1"}],"replies":[{"embeddable":true,"href":"https:\/\/youdig.fr\/wdp\/wp-json\/wp\/v2\/comments?post=4199"}],"version-history":[{"count":7,"href":"https:\/\/youdig.fr\/wdp\/wp-json\/wp\/v2\/pages\/4199\/revisions"}],"predecessor-version":[{"id":4950,"href":"https:\/\/youdig.fr\/wdp\/wp-json\/wp\/v2\/pages\/4199\/revisions\/4950"}],"up":[{"embeddable":true,"href":"https:\/\/youdig.fr\/wdp\/wp-json\/wp\/v2\/pages\/50"}],"wp:attachment":[{"href":"https:\/\/youdig.fr\/wdp\/wp-json\/wp\/v2\/media?parent=4199"}],"curies":[{"name":"wp","href":"https:\/\/api.w.org\/{rel}","templated":true}]}}