{"id":50,"date":"2015-07-16T09:38:41","date_gmt":"2015-07-16T08:38:41","guid":{"rendered":"https:\/\/youdig.fr\/wdp\/?page_id=50"},"modified":"2016-07-19T10:28:59","modified_gmt":"2016-07-19T09:28:59","slug":"gites-de-caractere","status":"publish","type":"page","link":"https:\/\/youdig.fr\/wdp\/hebergements\/gites-de-caractere\/","title":{"rendered":"g\u00eetes de caract\u00e8re"},"content":{"rendered":"<p><b><span style=\"color: green;\">Les g\u00eetes de la Feuill\u00e9e<\/span><\/b><\/p>\n<p>G\u00eetes de qualit\u00e9<br \/>\nAu coeur des monts d&rsquo;arr\u00e9e, en pleine Bretagne des l\u00e9gendes, \u00e0 La Feuill\u00e9e, le plus haut village de Bretagne, au coeur d&rsquo;un hameau qui a su garder toute son identit\u00e9 bretonne.<\/p>\n<p>Un village de G\u00eetes, class\u00e9s en g\u00eetes ruraux 2 et 3 \u00e9pis<br \/>\nDemeure du 16\u00e8me si\u00e8cle, appel\u00e9e \u00ab\u00a0TY APPOTEIZ\u00a0\u00bb, en \u00e9co habitat.<br \/>\n\n\t\t<style type=\"text\/css\">\n\t\t\t#gallery-1 {\n\t\t\t\tmargin: auto;\n\t\t\t}\n\t\t\t#gallery-1 .gallery-item {\n\t\t\t\tfloat: left;\n\t\t\t\tmargin-top: 10px;\n\t\t\t\ttext-align: center;\n\t\t\t\twidth: 33%;\n\t\t\t}\n\t\t\t#gallery-1 img {\n\t\t\t\tborder: 2px solid #cfcfcf;\n\t\t\t}\n\t\t\t#gallery-1 .gallery-caption {\n\t\t\t\tmargin-left: 0;\n\t\t\t}\n\t\t\t\/* see gallery_shortcode() in wp-includes\/media.php *\/\n\t\t<\/style>\n\t\t<div id='gallery-1' class='gallery galleryid-50 gallery-columns-3 gallery-size-thumbnail'><dl class='gallery-item'>\n\t\t\t<dt class='gallery-icon landscape'>\n\t\t\t\t<a href='https:\/\/youdig.fr\/wdp\/hebergements\/gites-de-caractere\/auberge_sidebar\/'><img width=\"150\" height=\"107\" src=\"https:\/\/youdig.fr\/wdp\/wp-content\/uploads\/2015\/07\/auberge_sidebar-150x107.jpg\" class=\"attachment-thumbnail size-thumbnail\" alt=\"\" loading=\"lazy\" \/><\/a>\n\t\t\t<\/dt><\/dl><dl class='gallery-item'>\n\t\t\t<dt class='gallery-icon landscape'>\n\t\t\t\t<a href='https:\/\/youdig.fr\/wdp\/hebergements\/gites-de-caractere\/gite_la_feuillee_1\/'><img width=\"150\" height=\"150\" src=\"https:\/\/youdig.fr\/wdp\/wp-content\/uploads\/2016\/07\/gite_la_feuill\u00e9e_1-150x150.jpg\" class=\"attachment-thumbnail size-thumbnail\" alt=\"\" loading=\"lazy\" srcset=\"https:\/\/youdig.fr\/wdp\/wp-content\/uploads\/2016\/07\/gite_la_feuill\u00e9e_1-150x150.jpg 150w, https:\/\/youdig.fr\/wdp\/wp-content\/uploads\/2016\/07\/gite_la_feuill\u00e9e_1-90x90.jpg 90w, https:\/\/youdig.fr\/wdp\/wp-content\/uploads\/2016\/07\/gite_la_feuill\u00e9e_1-75x75.jpg 75w\" sizes=\"(max-width: 150px) 100vw, 150px\" \/><\/a>\n\t\t\t<\/dt><\/dl>\n\t\t\t<br style='clear: both' \/>\n\t\t<\/div>\n<\/p>\n","protected":false},"excerpt":{"rendered":"<p>Les g\u00eetes de la Feuill\u00e9e G\u00eetes de qualit\u00e9 Au coeur des monts d&rsquo;arr\u00e9e, en pleine Bretagne des l\u00e9gendes, \u00e0 La Feuill\u00e9e, le plus haut village de Bretagne, au coeur d&rsquo;un hameau qui a su garder toute son identit\u00e9 bretonne. Un village de G\u00eetes, class\u00e9s en g\u00eetes ruraux 2 et 3 \u00e9pis Demeure du 16\u00e8me si\u00e8cle, appel\u00e9e \u00ab\u00a0TY APPOTEIZ\u00a0\u00bb, en \u00e9co<\/p>\n","protected":false},"author":1,"featured_media":0,"parent":1171,"menu_order":0,"comment_status":"closed","ping_status":"closed","template":"","meta":[],"_links":{"self":[{"href":"https:\/\/youdig.fr\/wdp\/wp-json\/wp\/v2\/pages\/50"}],"collection":[{"href":"https:\/\/youdig.fr\/wdp\/wp-json\/wp\/v2\/pages"}],"about":[{"href":"https:\/\/youdig.fr\/wdp\/wp-json\/wp\/v2\/types\/page"}],"author":[{"embeddable":true,"href":"https:\/\/youdig.fr\/wdp\/wp-json\/wp\/v2\/users\/1"}],"replies":[{"embeddable":true,"href":"https:\/\/youdig.fr\/wdp\/wp-json\/wp\/v2\/comments?post=50"}],"version-history":[{"count":10,"href":"https:\/\/youdig.fr\/wdp\/wp-json\/wp\/v2\/pages\/50\/revisions"}],"predecessor-version":[{"id":1808,"href":"https:\/\/youdig.fr\/wdp\/wp-json\/wp\/v2\/pages\/50\/revisions\/1808"}],"up":[{"embeddable":true,"href":"https:\/\/youdig.fr\/wdp\/wp-json\/wp\/v2\/pages\/1171"}],"wp:attachment":[{"href":"https:\/\/youdig.fr\/wdp\/wp-json\/wp\/v2\/media?parent=50"}],"curies":[{"name":"wp","href":"https:\/\/api.w.org\/{rel}","templated":true}]}}