{"id":5140,"date":"2022-11-25T11:27:44","date_gmt":"2022-11-25T10:27:44","guid":{"rendered":"https:\/\/youdig.fr\/wdp\/?page_id=5140"},"modified":"2022-11-25T18:53:12","modified_gmt":"2022-11-25T17:53:12","slug":"reservation-stage","status":"publish","type":"page","link":"https:\/\/youdig.fr\/wdp\/reservation-stage\/","title":{"rendered":"Formulaire de r\u00e9servation stages"},"content":{"rendered":"<div role=\"form\" class=\"wpcf7\" id=\"wpcf7-f5139-o1\" lang=\"fr-FR\" dir=\"ltr\">\n<div class=\"screen-reader-response\"><p role=\"status\" aria-live=\"polite\" aria-atomic=\"true\"><\/p> <ul><\/ul><\/div>\n<form action=\"\/wdp\/wp-json\/wp\/v2\/pages\/5140#wpcf7-f5139-o1\" method=\"post\" class=\"wpcf7-form init\" novalidate=\"novalidate\" data-status=\"init\">\n<div style=\"display: none;\">\n<input type=\"hidden\" name=\"_wpcf7\" value=\"5139\" \/>\n<input type=\"hidden\" name=\"_wpcf7_version\" value=\"5.6.4\" \/>\n<input type=\"hidden\" name=\"_wpcf7_locale\" value=\"fr_FR\" \/>\n<input type=\"hidden\" name=\"_wpcf7_unit_tag\" value=\"wpcf7-f5139-o1\" \/>\n<input type=\"hidden\" name=\"_wpcf7_container_post\" value=\"0\" \/>\n<input type=\"hidden\" name=\"_wpcf7_posted_data_hash\" value=\"\" \/>\n<input type=\"hidden\" name=\"_wpcf7_recaptcha_response\" value=\"\" \/>\n<\/div>\n<p>Votre nom pr\u00e9nom*<br \/>\n<span class=\"wpcf7-form-control-wrap\" data-name=\"nom\"><input type=\"text\" name=\"nom\" value=\"\" size=\"35\" maxlength=\"35\" class=\"wpcf7-form-control wpcf7-text wpcf7-validates-as-required\" aria-required=\"true\" aria-invalid=\"false\" \/><\/span><\/p>\n<p>Adresse postale<br \/>\n<span class=\"wpcf7-form-control-wrap\" data-name=\"adressepostale\"><input type=\"text\" name=\"adressepostale\" value=\"\" size=\"35\" maxlength=\"35\" class=\"wpcf7-form-control wpcf7-text wpcf7-validates-as-required\" aria-required=\"true\" aria-invalid=\"false\" \/><\/span><\/p>\n<p>cp - ville*<br \/>\n<span class=\"wpcf7-form-control-wrap\" data-name=\"ville\"><input type=\"text\" name=\"ville\" value=\"\" size=\"35\" maxlength=\"35\" class=\"wpcf7-form-control wpcf7-text wpcf7-validates-as-required\" aria-required=\"true\" aria-invalid=\"false\" \/><\/span><\/p>\n<p>Email*<span class=\"wpcf7-form-control-wrap\" data-name=\"email\"><input type=\"email\" name=\"email\" value=\"\" size=\"35\" maxlength=\"35\" class=\"wpcf7-form-control wpcf7-text wpcf7-email wpcf7-validates-as-required wpcf7-validates-as-email\" aria-required=\"true\" aria-invalid=\"false\" \/><\/span><\/p>\n<p>T\u00e9l\u00e9phone* <span class=\"wpcf7-form-control-wrap\" data-name=\"telephone\"><input type=\"tel\" name=\"telephone\" value=\"\" size=\"15\" maxlength=\"15\" class=\"wpcf7-form-control wpcf7-text wpcf7-tel wpcf7-validates-as-required wpcf7-validates-as-tel\" aria-required=\"true\" aria-invalid=\"false\" \/><\/span><\/p>\n<p> Formation*(<i>S\u00e9lectionnez)<\/i> <span class=\"wpcf7-form-control-wrap\" data-name=\"formation\"><select name=\"formation\" class=\"wpcf7-form-control wpcf7-select wpcf7-validates-as-required\" aria-required=\"true\" aria-invalid=\"false\"><option value=\"Initiation \u00e0 la radiesth\u00e9sie\">Initiation \u00e0 la radiesth\u00e9sie<\/option><option value=\"Architecture sacr\u00e9e\">Architecture sacr\u00e9e<\/option><option value=\"G\u00e9obiologie\">G\u00e9obiologie<\/option><\/select><\/span><\/p>\n<p> La formation se d\u00e9roule sur un week-end (samedi et dimanche)<\/p>\n<p><i> Initiation radiesth\u00e9sie : 11 mars \/ 1er avril \/ 13 mai \/ 16 septembre \/ 2 d\u00e9cembre<br \/>\nArchitecture sacr\u00e9e : 24 juin \/ 14 octobre<br \/>\nG\u00e9obiologie : 30 septembre<\/i><\/p>\n<p>Week end du*<span class=\"wpcf7-form-control-wrap\" data-name=\"weekend\"><input type=\"text\" name=\"weekend\" value=\"\" size=\"15\" maxlength=\"15\" class=\"wpcf7-form-control wpcf7-text wpcf7-validates-as-required\" aria-required=\"true\" aria-invalid=\"false\" \/><\/span><\/p>\n<p> R\u00e9server une chambre <span class=\"wpcf7-form-control-wrap\" data-name=\"reservationchambre\"><span class=\"wpcf7-form-control wpcf7-radio\"><span class=\"wpcf7-list-item first\"><input type=\"radio\" name=\"reservationchambre\" value=\"OUI\" \/><span class=\"wpcf7-list-item-label\">OUI<\/span><\/span><span class=\"wpcf7-list-item last\"><input type=\"radio\" name=\"reservationchambre\" value=\"NON\" checked=\"checked\" \/><span class=\"wpcf7-list-item-label\">NON<\/span><\/span><\/span><\/span><\/p>\n<p> Co\u00fbt : 235 \u20ac, 2 d\u00e9jeuners compris, chambre optionnelle en suppl\u00e9ment<\/p>\n<p> <i>Acompte pour r\u00e9servation 60 \u20ac \u00e0 envoyer \u00e0 r\u00e9ception de l'accus\u00e9 de r\u00e9ception<\/i><\/p>\n<span class=\"wpcf7-form-control-wrap recaptcha\" data-name=\"recaptcha\"><span data-sitekey=\"6LfOJ1ciAAAAAA_3YdZY4Ga1s-JmygvZWPoaOGCF\" class=\"wpcf7-form-control g-recaptcha wpcf7-recaptcha\"><\/span>\r\n<noscript>\r\n\t<div class=\"grecaptcha-noscript\">\r\n\t\t<iframe src=\"https:\/\/www.google.com\/recaptcha\/api\/fallback?k=6LfOJ1ciAAAAAA_3YdZY4Ga1s-JmygvZWPoaOGCF\" frameborder=\"0\" scrolling=\"no\" width=\"310\" height=\"430\">\r\n\t\t<\/iframe>\r\n\t\t<textarea name=\"g-recaptcha-response\" rows=\"3\" cols=\"40\" placeholder=\"reCaptcha Response Here\">\r\n\t\t<\/textarea>\r\n\t<\/div>\r\n<\/noscript>\r\n<\/span>\n<p><input type=\"submit\" value=\"Envoyer\" class=\"wpcf7-form-control has-spinner wpcf7-submit\" \/><\/p>\n<div class=\"wpcf7-response-output\" aria-hidden=\"true\"><\/div><\/form><\/div>\n","protected":false},"excerpt":{"rendered":"","protected":false},"author":1,"featured_media":0,"parent":0,"menu_order":0,"comment_status":"closed","ping_status":"closed","template":"","meta":[],"_links":{"self":[{"href":"https:\/\/youdig.fr\/wdp\/wp-json\/wp\/v2\/pages\/5140"}],"collection":[{"href":"https:\/\/youdig.fr\/wdp\/wp-json\/wp\/v2\/pages"}],"about":[{"href":"https:\/\/youdig.fr\/wdp\/wp-json\/wp\/v2\/types\/page"}],"author":[{"embeddable":true,"href":"https:\/\/youdig.fr\/wdp\/wp-json\/wp\/v2\/users\/1"}],"replies":[{"embeddable":true,"href":"https:\/\/youdig.fr\/wdp\/wp-json\/wp\/v2\/comments?post=5140"}],"version-history":[{"count":3,"href":"https:\/\/youdig.fr\/wdp\/wp-json\/wp\/v2\/pages\/5140\/revisions"}],"predecessor-version":[{"id":5154,"href":"https:\/\/youdig.fr\/wdp\/wp-json\/wp\/v2\/pages\/5140\/revisions\/5154"}],"wp:attachment":[{"href":"https:\/\/youdig.fr\/wdp\/wp-json\/wp\/v2\/media?parent=5140"}],"curies":[{"name":"wp","href":"https:\/\/api.w.org\/{rel}","templated":true}]}}