{"id":56,"date":"2015-07-16T09:40:47","date_gmt":"2015-07-16T08:40:47","guid":{"rendered":"https:\/\/youdig.fr\/wdp\/?page_id=56"},"modified":"2022-11-06T10:36:23","modified_gmt":"2022-11-06T09:36:23","slug":"lauberge","status":"publish","type":"page","link":"https:\/\/youdig.fr\/wdp\/lauberge\/","title":{"rendered":"L&rsquo;AUBERGE"},"content":{"rendered":"\n<p>En famille, entre amis, en groupes venez vous attabler devant le meilleur <a href=\"https:\/\/youdig.fr\/wdp\/lauberge\/le-kig-ha-farz\/\"><strong>KIG HA FARZ<\/strong><\/a> de la r\u00e9gion.<\/p>\n\n\n\n<p>D\u00e9jeuner anim\u00e9. Rires et bonne ambiance assur\u00e9s par Annick. Chants par Gwen et Seb<\/p>\n\n\n\n<p><\/p>\n\n\n\n<style type=\"text\/css\">.easingslider-4068 { width: 100%; }.easingslider-4068 .easingslider-image { max-height: 500px; max-width: 700px; }.easingslider-4068 .easingslider-fade-in, .easingslider-fade-out { -webkit-animation-duration: 400ms; -moz-animation-duration: 400ms; animation-duration: 400ms; }<\/style><script type=\"text\/javascript\">window.EasingSlider4068 = {\"width\":700,\"height\":500,\"singleItem\":true,\"items\":1,\"itemsDesktop\":false,\"itemsDesktopSmall\":false,\"itemsTablet\":false,\"itemsTabletSmall\":false,\"itemsMobile\":false,\"responsive\":true,\"lazyLoad\":true,\"autoPlay\":4000,\"slideSpeed\":400,\"navigation\":true,\"navigationText\":[\"\",\"\"],\"pagination\":true,\"autoHeight\":false,\"mouseDrag\":false,\"touchDrag\":false,\"addClassActive\":true,\"transitionStyle\":\"fade\"};<\/script><div data-id=\"4068\" class=\"easingslider easingslider-4068 easingslider-container easingslider-full-width easingslider-resizing-enabled easingslider-aspect-ratio easingslider-arrows-inside easingslider-pagination-inside easingslider-pagination-bottom-center\"><div class=\"easingslider-slide\"><img src=\"https:\/\/youdig.fr\/wdp\/wp-content\/plugins\/easing-slider\/assets\/images\/placeholder-pixel.png\" data-src=\"https:\/\/youdig.fr\/wdp\/wp-content\/uploads\/2022\/10\/auberge15-700x500.jpg\" alt=\"\" title=\"\" class=\"easingslider-image easingslider-lazy\" \/><\/div><div class=\"easingslider-slide\"><img src=\"https:\/\/youdig.fr\/wdp\/wp-content\/plugins\/easing-slider\/assets\/images\/placeholder-pixel.png\" data-src=\"https:\/\/youdig.fr\/wdp\/wp-content\/uploads\/2022\/10\/auberge16-700x500.jpg\" alt=\"\" title=\"\" class=\"easingslider-image easingslider-lazy\" \/><\/div><div class=\"easingslider-slide\"><img src=\"https:\/\/youdig.fr\/wdp\/wp-content\/plugins\/easing-slider\/assets\/images\/placeholder-pixel.png\" data-src=\"https:\/\/youdig.fr\/wdp\/wp-content\/uploads\/2022\/10\/auberge5-700x500.jpg\" alt=\"\" title=\"\" class=\"easingslider-image easingslider-lazy\" \/><\/div><div class=\"easingslider-slide\"><img src=\"https:\/\/youdig.fr\/wdp\/wp-content\/plugins\/easing-slider\/assets\/images\/placeholder-pixel.png\" data-src=\"https:\/\/youdig.fr\/wdp\/wp-content\/uploads\/2022\/10\/auberge7-700x500.jpg\" alt=\"\" title=\"\" class=\"easingslider-image easingslider-lazy\" \/><\/div><\/div>\n","protected":false},"excerpt":{"rendered":"<p>En famille, entre amis, en groupes venez vous attabler devant le meilleur KIG HA FARZ de la r\u00e9gion. D\u00e9jeuner anim\u00e9. Rires et bonne ambiance assur\u00e9s par Annick. Chants par Gwen et Seb<\/p>\n","protected":false},"author":1,"featured_media":0,"parent":0,"menu_order":0,"comment_status":"closed","ping_status":"closed","template":"","meta":[],"_links":{"self":[{"href":"https:\/\/youdig.fr\/wdp\/wp-json\/wp\/v2\/pages\/56"}],"collection":[{"href":"https:\/\/youdig.fr\/wdp\/wp-json\/wp\/v2\/pages"}],"about":[{"href":"https:\/\/youdig.fr\/wdp\/wp-json\/wp\/v2\/types\/page"}],"author":[{"embeddable":true,"href":"https:\/\/youdig.fr\/wdp\/wp-json\/wp\/v2\/users\/1"}],"replies":[{"embeddable":true,"href":"https:\/\/youdig.fr\/wdp\/wp-json\/wp\/v2\/comments?post=56"}],"version-history":[{"count":21,"href":"https:\/\/youdig.fr\/wdp\/wp-json\/wp\/v2\/pages\/56\/revisions"}],"predecessor-version":[{"id":4892,"href":"https:\/\/youdig.fr\/wdp\/wp-json\/wp\/v2\/pages\/56\/revisions\/4892"}],"wp:attachment":[{"href":"https:\/\/youdig.fr\/wdp\/wp-json\/wp\/v2\/media?parent=56"}],"curies":[{"name":"wp","href":"https:\/\/api.w.org\/{rel}","templated":true}]}}