{"id":62,"date":"2015-07-16T09:43:36","date_gmt":"2015-07-16T08:43:36","guid":{"rendered":"https:\/\/youdig.fr\/wdp\/?page_id=62"},"modified":"2022-10-26T20:21:51","modified_gmt":"2022-10-26T19:21:51","slug":"le-musee","status":"publish","type":"page","link":"https:\/\/youdig.fr\/wdp\/museeboutique\/le-musee\/","title":{"rendered":"Le Mus\u00e9e d&rsquo;Annick LE LANN"},"content":{"rendered":"\n<p>Un vie, un chef d&rsquo;\u0153uvre. Celui d&rsquo;Annick Le Lann et de son village.<br>B\u00e2ti pierre \u00e0 pierre pendant des ann\u00e9es, il repr\u00e9sente les sc\u00e8nes de la vie du XVI\u00e8me si\u00e8cle dans cette Bretagne de l\u00e9gendes<\/p>\n\n\n\n<p>VISITE COMMENTEE<\/p>\n\n\n\n<p>Par Annick Le Lann, sa cr\u00e9atrice et guide.<br>&#8211; Art, \u00e9motion, gouaille, tradition&#8230; une bouff\u00e9e d&rsquo;auhenticit\u00e9<\/p>\n\n\n\n\n","protected":false},"excerpt":{"rendered":"<p>Un vie, un chef d&rsquo;\u0153uvre. Celui d&rsquo;Annick Le Lann et de son village.B\u00e2ti pierre \u00e0 pierre pendant des ann\u00e9es, il repr\u00e9sente les sc\u00e8nes de la vie du XVI\u00e8me si\u00e8cle dans cette Bretagne de l\u00e9gendes VISITE COMMENTEE Par Annick Le Lann, sa cr\u00e9atrice et guide.&#8211; Art, \u00e9motion, gouaille, tradition&#8230; une bouff\u00e9e d&rsquo;auhenticit\u00e9<\/p>\n","protected":false},"author":1,"featured_media":0,"parent":1178,"menu_order":0,"comment_status":"closed","ping_status":"closed","template":"","meta":[],"_links":{"self":[{"href":"https:\/\/youdig.fr\/wdp\/wp-json\/wp\/v2\/pages\/62"}],"collection":[{"href":"https:\/\/youdig.fr\/wdp\/wp-json\/wp\/v2\/pages"}],"about":[{"href":"https:\/\/youdig.fr\/wdp\/wp-json\/wp\/v2\/types\/page"}],"author":[{"embeddable":true,"href":"https:\/\/youdig.fr\/wdp\/wp-json\/wp\/v2\/users\/1"}],"replies":[{"embeddable":true,"href":"https:\/\/youdig.fr\/wdp\/wp-json\/wp\/v2\/comments?post=62"}],"version-history":[{"count":26,"href":"https:\/\/youdig.fr\/wdp\/wp-json\/wp\/v2\/pages\/62\/revisions"}],"predecessor-version":[{"id":4526,"href":"https:\/\/youdig.fr\/wdp\/wp-json\/wp\/v2\/pages\/62\/revisions\/4526"}],"up":[{"embeddable":true,"href":"https:\/\/youdig.fr\/wdp\/wp-json\/wp\/v2\/pages\/1178"}],"wp:attachment":[{"href":"https:\/\/youdig.fr\/wdp\/wp-json\/wp\/v2\/media?parent=62"}],"curies":[{"name":"wp","href":"https:\/\/api.w.org\/{rel}","templated":true}]}}